{"id":2795,"date":"2024-10-07T15:17:18","date_gmt":"2024-10-07T15:17:18","guid":{"rendered":"https:\/\/www.ingridtorrapsicologia.com\/politica-de-cookies\/"},"modified":"2024-11-12T11:36:17","modified_gmt":"2024-11-12T11:36:17","slug":"politica-de-cookies","status":"publish","type":"page","link":"https:\/\/www.ingridtorrapsicologia.com\/es\/politica-de-cookies\/","title":{"rendered":"POL\u00cdTICA DE COOKIES"},"content":{"rendered":"\t\t<div data-elementor-type=\"wp-post\" data-elementor-id=\"2795\" class=\"elementor elementor-2795 elementor-1826\" data-elementor-post-type=\"page\">\n\t\t\t\t<div class=\"elementor-element elementor-element-8f12a3c e-flex e-con-boxed elementor-invisible e-con e-parent\" data-id=\"8f12a3c\" data-element_type=\"container\" data-settings=\"{&quot;background_background&quot;:&quot;classic&quot;,&quot;animation&quot;:&quot;slideInDown&quot;}\">\n\t\t\t\t\t<div class=\"e-con-inner\">\n\t\t<div class=\"elementor-element elementor-element-3c6c153 e-con-full e-flex e-con e-child\" data-id=\"3c6c153\" data-element_type=\"container\">\n\t\t\t\t<div class=\"elementor-element elementor-element-037df2b elementor-invisible elementor-widget elementor-widget-heading\" data-id=\"037df2b\" data-element_type=\"widget\" data-settings=\"{&quot;_animation&quot;:&quot;fadeInLeft&quot;}\" data-widget_type=\"heading.default\">\n\t\t\t\t<div class=\"elementor-widget-container\">\n\t\t\t<h2 class=\"elementor-heading-title elementor-size-default\">POL\u00cdTICA DE COOKIES<\/h2>\t\t<\/div>\n\t\t\t\t<\/div>\n\t\t\t\t<div class=\"elementor-element elementor-element-b1becf7 elementor-invisible elementor-widget elementor-widget-heading\" data-id=\"b1becf7\" data-element_type=\"widget\" data-settings=\"{&quot;_animation&quot;:&quot;zoomIn&quot;}\" data-widget_type=\"heading.default\">\n\t\t\t\t<div class=\"elementor-widget-container\">\n\t\t\t<h2 class=\"elementor-heading-title elementor-size-default\">Ingrid Torra \u00b7 Psic\u00f3loga Sanitaria<\/h2>\t\t<\/div>\n\t\t\t\t<\/div>\n\t\t\t\t<\/div>\n\t\t\t\t\t<\/div>\n\t\t\t\t<\/div>\n\t\t<div class=\"elementor-element elementor-element-96a9be8 e-flex e-con-boxed e-con e-parent\" data-id=\"96a9be8\" data-element_type=\"container\">\n\t\t\t\t\t<div class=\"e-con-inner\">\n\t\t\t\t<div class=\"elementor-element elementor-element-3b8918a elementor-widget elementor-widget-spacer\" data-id=\"3b8918a\" data-element_type=\"widget\" data-widget_type=\"spacer.default\">\n\t\t\t\t<div class=\"elementor-widget-container\">\n\t\t\t\t\t<div class=\"elementor-spacer\">\n\t\t\t<div class=\"elementor-spacer-inner\"><\/div>\n\t\t<\/div>\n\t\t\t\t<\/div>\n\t\t\t\t<\/div>\n\t\t\t\t\t<\/div>\n\t\t\t\t<\/div>\n\t\t<div class=\"elementor-element elementor-element-6ae8394 e-flex e-con-boxed e-con e-parent\" data-id=\"6ae8394\" data-element_type=\"container\">\n\t\t\t\t\t<div class=\"e-con-inner\">\n\t\t\t\t<div class=\"elementor-element elementor-element-7ef2894 elementor-widget elementor-widget-text-editor\" data-id=\"7ef2894\" data-element_type=\"widget\" data-widget_type=\"text-editor.default\">\n\t\t\t\t<div class=\"elementor-widget-container\">\n\t\t\t\t\t\t\t<p>El web de <strong>Ingrid Tora Gabarra<\/strong> utiliza cookies propias y de terceros. Una cookie es un fichero que se descarga a su ordenador al acceder en acabadas p\u00e1ginas web, entre otros de otras finalidades, asegurar el correcto funcionamiento de la p\u00e1gina, permitir al Usuario un acceso m\u00e1s r\u00e1pido a los servicios seleccionados, almacenar y recuperar informaci\u00f3n sobre los h\u00e1bitos de navegaci\u00f3n de un usuario o de su equipo e incluso, dependiendo de la informaci\u00f3n que contengan y de la forma en que se utilice su equipo, se pueden utilizar para reconocer al usuario. Las cookies se asocian \u00fanicamente a un usuario an\u00f3nimo y su ordenador o dispositivo y no proporcionan referencias que permitan conocer sus datos personales, excepto permiso expr\u00e9s de aquel.<\/p><p>Seg\u00fan la directiva de la UE, las cookies que requieren el consentimiento informado por parte del usuario son las cookies de anal\u00edtica, las de publicidad y afiliaci\u00f3n, quedando exceptuadas las de car\u00e1cter t\u00e9cnico y las necesarias para el funcionamiento de la p\u00e1gina web o la prestaci\u00f3n de servicios expresamente demandados por el usuario.<\/p>\t\t\t\t\t\t<\/div>\n\t\t\t\t<\/div>\n\t\t\t\t<div class=\"elementor-element elementor-element-3bbe73b elementor-widget-divider--view-line elementor-widget elementor-widget-divider\" data-id=\"3bbe73b\" data-element_type=\"widget\" data-widget_type=\"divider.default\">\n\t\t\t\t<div class=\"elementor-widget-container\">\n\t\t\t\t\t<div class=\"elementor-divider\">\n\t\t\t<span class=\"elementor-divider-separator\">\n\t\t\t\t\t\t<\/span>\n\t\t<\/div>\n\t\t\t\t<\/div>\n\t\t\t\t<\/div>\n\t\t\t\t\t<\/div>\n\t\t\t\t<\/div>\n\t\t<div class=\"elementor-element elementor-element-da77682 e-flex e-con-boxed e-con e-parent\" data-id=\"da77682\" data-element_type=\"container\">\n\t\t\t\t\t<div class=\"e-con-inner\">\n\t\t<div class=\"elementor-element elementor-element-aa22401 e-con-full e-flex e-con e-child\" data-id=\"aa22401\" data-element_type=\"container\">\n\t\t\t\t<div class=\"elementor-element elementor-element-aca16fc elementor-widget elementor-widget-text-editor\" data-id=\"aca16fc\" data-element_type=\"widget\" data-widget_type=\"text-editor.default\">\n\t\t\t\t<div class=\"elementor-widget-container\">\n\t\t\t\t\t\t\t<p><span style=\"color: var( --e-global-color-text ); font-family: var( --e-global-typography-text-font-family ), Sans-serif; font-size: 1rem;\"><b>TIPO DE COOKIES<\/b><\/span><\/p><p><span style=\"color: var( --e-global-color-text ); font-family: var( --e-global-typography-text-font-family ), Sans-serif; font-weight: var( --e-global-typography-text-font-weight ); font-size: 1rem;\">Las Cookies pueden clasificarse, en virtud de sus caracter\u00edsticas propias, dentro de diversas categor\u00edas, dentro de varias categor\u00edas:<\/span><\/p><p><b>Seg\u00fan la entidad que las gestiona:<\/b><\/p><ul><li><b>Cookies propias:<\/b> Son aquellas que se env\u00edan a tu ordenador y son gestionadas exclusivamente por nosotros para el mejor funcionamiento del Sitio web.<\/li><\/ul><div>\u00a0<\/div><ul><li><b>Cookies de terceros:<\/b> Son aquellas que se env\u00edan a tu ordenador y no son gestionadas por nosotros sino por una tercera entidad.<\/li><\/ul><div>\u00a0<\/div><p><b>Seg\u00fan el plazo de tiempo que permanecen activas:<\/b><\/p><ul><li><b>Cookies de sesi\u00f3n:<\/b> Este tipo de cookies recaudan y almacenan datos \u00fanicamente mientras el Usuario accede a al Sitio web.<\/li><\/ul><div>\u00a0<\/div><ul><li><b>Cookies persistentes:<\/b> Mediante este tipo de cookies los datos siguen almacenados y pueden ser accedidos y tratados durante el periodo definido por el responsable de la cookie, y puede ir de unos minutos en varios a\u00f1os.<\/li><\/ul><div>\u00a0<\/div><p><b>Seg\u00fan la finalidad:<\/b><\/p><ul><li><b>Cookies t\u00e9cnicas:<\/b> Son aquellas que permiten al usuario la navegaci\u00f3n a trav\u00e9s del sitio web, plataforma o aplicaci\u00f3n y la utilizaci\u00f3n de las diferentes opciones o servicios que el mismo ofrece, como por ejemplo, controlar el tr\u00e1fico y la comunicaci\u00f3n de datos, identificar la sesi\u00f3n , acceder a partes de acceso restringido, recordar los elementos que integran un pedido, realizar el proceso de compra de un pedido, realizar la solicitud de inscripci\u00f3n o participaci\u00f3n en un acontecimiento, utilizar elementos de seguridad durante la navegaci\u00f3n, almacenar contenidos para la difusi\u00f3n de videos o sonido o compartir contenidos a trav\u00e9s de redes sociales.<\/li><\/ul><div>\u00a0<\/div><ul><li><b>Cookies de personalizaci\u00f3n o preferencias:<\/b> Son aquellas que permiten al usuario acceder al servicio con algunas caracter\u00edsticas de car\u00e1cter general predefinidas, como por ejemplo el idioma, la configuraci\u00f3n regional desde donde se accede al servicio, etc.<\/li><\/ul><div>\u00a0<\/div><ul><li><b>Cookies de an\u00e1lisis:<\/b> Son aquellas que permiten al responsable de las mismas, el seguimiento y an\u00e1lisis del comportamiento de los usuarios de los sitios web a los que est\u00e1n vinculadas. La informaci\u00f3n recogida mediante este tipo de cookies se utiliza en la medici\u00f3n de la actividad de los sitios web, aplicaci\u00f3n o plataforma y para la elaboraci\u00f3n de perfiles de navegaci\u00f3n de los usuarios de estos lugares, aplicaciones y plataformas, para introducir mejoras en funci\u00f3n del an\u00e1lisis de los datos de uso que hacen los usuarios del servicio.<\/li><\/ul><div>\u00a0<\/div><ul><li><b>Cookies publicitarias:<\/b> Son aquellas que permiten la gesti\u00f3n, de la forma m\u00e1s eficaz posible, de los espacios publicitarios que, si procede, se haya incluido en el sitio web, aplicaci\u00f3n o plataforma desde la cual presta el servicio solicitado en base a los criterios como el contenido editado o la frecuencia en que se muestran los anuncios. Recogen informaci\u00f3n sobre las preferencias y elecciones personales de los usuarios.<\/li><\/ul><div>\u00a0<\/div>\t\t\t\t\t\t<\/div>\n\t\t\t\t<\/div>\n\t\t\t\t<div class=\"elementor-element elementor-element-46bfc68 elementor-widget-divider--view-line elementor-widget elementor-widget-divider\" data-id=\"46bfc68\" data-element_type=\"widget\" data-widget_type=\"divider.default\">\n\t\t\t\t<div class=\"elementor-widget-container\">\n\t\t\t\t\t<div class=\"elementor-divider\">\n\t\t\t<span class=\"elementor-divider-separator\">\n\t\t\t\t\t\t<\/span>\n\t\t<\/div>\n\t\t\t\t<\/div>\n\t\t\t\t<\/div>\n\t\t\t\t<div class=\"elementor-element elementor-element-056cb56 elementor-widget elementor-widget-text-editor\" data-id=\"056cb56\" data-element_type=\"widget\" data-widget_type=\"text-editor.default\">\n\t\t\t\t<div class=\"elementor-widget-container\">\n\t\t\t\t\t\t\t<p><b>QU\u00c9 DERECHOS TIENES SOBRE LOS DATOS PERSONALES APORTADOS?<\/b><\/p><p>Como usuario, puedes ejercitar los derechos siguientes:<\/p><p>\u25cf <b>Derecho de acceso:<\/b> Tienes derecho a obtener por parte de la empresa confirmaci\u00f3n de si se est\u00e1n tratando o no tus datos personales que, y en su caso, qu\u00e9 datos trata.<\/p><p>\u25cf Derecho de rectificaci\u00f3n: Tienes derecho a obtener por parte de la empresa, la rectificaci\u00f3n de los datos personales inexactos que te conciernen. En la solicitud de rectificaci\u00f3n tendr\u00e1s que indicar los datos que quieres que se modifiquen.<\/p><p>\u25cf <b>Derecho de oposici\u00f3n:<\/b> Tienes derecho a oponerte en cualquier momento, por motivos relacionados con tu situaci\u00f3n particular, al hecho que datos personales que te conciernan sean objeto de un tratamiento basado en el inter\u00e9s leg\u00edtimo de la empresa. En este caso, la empresa dejar\u00e1 de tratar los datos personales, salvo que acreditamos motivos leg\u00edtimos imperiosos para el tratamiento que prevalezcan sobre tus intereses, derechos y libertades, o para la formulaci\u00f3n, el ejercicio o la defensa de reclamaciones.<\/p><p>\u25cf <b>Derecho de supresi\u00f3n:<\/b> Tienes derecho a obtener por parte de la empresa, la supresi\u00f3n de los datos personales que te conciernan.<\/p><p>\u25cf<b> Derecho a la portabilidad de los datos:<\/b> Tienes derecho al hecho que la empresa transfiera tus datos personales a otro responsable del tratamiento. Solo es posible ejercer este derecho cuando el tratamiento est\u00e9 basado en la ejecuci\u00f3n de un contrato o a tu consentimiento y el tratamiento se realice por medios automatizados.<\/p><p>\u25cf<b> Derecho a la limitaci\u00f3n del tratamiento:<\/b> Tienes derecho a solicitarnos que suspendamos el tratamiento de tus datos cu\u00e1ndo: impugnas la exactitud de los datos, mientras la empresa verifica esta exactitud; hayas ejercido el derecho de oposici\u00f3n en el tratamiento de tus datos, mientras que se verifica si los motivos leg\u00edtimos de la empresa prevalecen sobre los tuyos como interesado.<\/p><p>\u25cf <b>Derecho a no ser objeto de decisiones individuales automatizadas, incluida la elaboraci\u00f3n de perfiles: <\/b>Tienes derecho a no ser objeto de una decisi\u00f3n basada \u00fanicamente en el tratamiento automatizado, incluida la elaboraci\u00f3n de perfiles, que produzca efectos jur\u00eddicos o te afecte significativamente de manera similar.<\/p><p>En cualquier momento, podr\u00e1s ejercer estos derechos, mediante un escrito y acreditando Tu personalidad dirigido a <span style=\"font-weight: bolder; text-align: start;\">Ingrid Tora Gabarra<\/span>, con direcci\u00f3n en <span style=\"font-weight: bolder; text-align: start; color: var( --e-global-color-text ); font-family: var( --e-global-typography-text-font-family ), Sans-serif; font-size: 1rem;\">Avenida Balmes, 14, 6. 25006 Lleida<\/span><span style=\"color: var( --e-global-color-text ); font-family: var( --e-global-typography-text-font-family ), Sans-serif; font-size: 1rem; font-weight: var( --e-global-typography-text-font-weight );\">, o a trav\u00e9s de la direcci\u00f3n de correo electr\u00f3nico: <\/span><span style=\"font-weight: bolder; text-align: start;\">info@ingridtorrapsicologia.com<\/span><span style=\"color: var( --e-global-color-text ); font-family: var( --e-global-typography-text-font-family ), Sans-serif; font-size: 1rem; font-weight: var( --e-global-typography-text-font-weight );\">.<\/span><\/p><p>Adem\u00e1s, podr\u00e1s presentar una reclamaci\u00f3n ante la autoridad de control, en este caso, la Agencia Espa\u00f1ola de Protecci\u00f3n de Datos, si consideras que el tratamiento de datos personales infringe la legislaci\u00f3n aplicable.<\/p>\t\t\t\t\t\t<\/div>\n\t\t\t\t<\/div>\n\t\t\t\t<\/div>\n\t\t<div class=\"elementor-element elementor-element-1a7fb4d e-con-full e-flex e-con e-child\" data-id=\"1a7fb4d\" data-element_type=\"container\">\n\t\t\t\t<div class=\"elementor-element elementor-element-add07f8 elementor-widget elementor-widget-text-editor\" data-id=\"add07f8\" data-element_type=\"widget\" data-widget_type=\"text-editor.default\">\n\t\t\t\t<div class=\"elementor-widget-container\">\n\t\t\t\t\t\t\t<p><b>COOKIES UTILIZADAS EN ESTA WEB<\/b><\/p><p><span style=\"font-weight: 400;\">Cookies utilizadas en esta web:<\/span><\/p><table><tbody><tr><td>Nombre<\/td><td>Tipo (t\u00e9cnicas, personalizaci\u00f3n, an\u00e1lisis o publicitarias)<\/td><td><span style=\"font-weight: 400;\">Duraci\u00f3n<\/span><\/td><td><span style=\"font-weight: 400;\">Finalidad<\/span><\/td><td>Propias\/Terceros Identificaci\u00f3n del tercero<\/td><\/tr><tr><td><span style=\"font-weight: 400;\">wordpress_<\/span><\/td><td><span style=\"font-weight: 400;\">Recordatorio de Sesi\u00f3n<\/span><\/td><td><span style=\"font-weight: 400;\">Sesi\u00f3n<\/span><\/td><td><span style=\"font-weight: 400;\">Recordatorio de Sesi\u00f3n<\/span><\/td><td>\u00a0<\/td><\/tr><tr><td><span style=\"font-weight: 400;\">wordpress_*logged_*in_<\/span><\/td><td><span style=\"font-weight: 400;\">Recordatorio de Sesi\u00f3n<\/span><\/td><td><span style=\"font-weight: 400;\">Sesi\u00f3n<\/span><\/td><td><span style=\"font-weight: 400;\">Recordatorio de Sesi\u00f3n<\/span><\/td><td>\u00a0<\/td><\/tr><tr><td><span style=\"font-weight: 400;\">wordpress_test_<\/span><\/td><td><span style=\"font-weight: 400;\">Recordatorio de Sesi\u00f3n<\/span><\/td><td><span style=\"font-weight: 400;\">Sesi\u00f3n<\/span><\/td><td><span style=\"font-weight: 400;\">Recordatorio de Sesi\u00f3n<\/span><\/td><td>\u00a0<\/td><\/tr><tr><td><span style=\"font-weight: 400;\">wordpress_test_*cookie<\/span><\/td><td><span style=\"font-weight: 400;\">WordPress Test Cookies<\/span><\/td><td><span style=\"font-weight: 400;\">Sesi\u00f3n<\/span><\/td><td><span style=\"font-weight: 400;\">Recordatorio de Sesi\u00f3n<\/span><\/td><td>\u00a0<\/td><\/tr><tr><td><span style=\"font-weight: 400;\">wp-*settings-[*UID]<\/span><\/td><td><span style=\"font-weight: 400;\">Se utiliza para personalizar la interfaz de usuario.<\/span><\/td><td><span style=\"font-weight: 400;\">1 a\u00f1o<\/span><\/td><td><span style=\"font-weight: 400;\">Se utiliza para personalizar la interfaz de usuario.<\/span><\/td><td>\u00a0<\/td><\/tr><tr><td><span style=\"font-weight: 400;\">wp-*settings-*time-[*UID]<\/span><\/td><td><span style=\"font-weight: 400;\">Almacena el aspecto de la interfaz de administraci\u00f3n y del lugar principal.<\/span><\/td><td><span style=\"font-weight: 400;\">1 a\u00f1o<\/span><\/td><td><span style=\"font-weight: 400;\">Almacena el aspecto de la interfaz de administraci\u00f3n y del lugar principal.<\/span><\/td><td>\u00a0<\/td><\/tr><\/tbody><\/table>\t\t\t\t\t\t<\/div>\n\t\t\t\t<\/div>\n\t\t\t\t<div class=\"elementor-element elementor-element-e3d2411 elementor-widget-divider--view-line elementor-widget elementor-widget-divider\" data-id=\"e3d2411\" data-element_type=\"widget\" data-widget_type=\"divider.default\">\n\t\t\t\t<div class=\"elementor-widget-container\">\n\t\t\t\t\t<div class=\"elementor-divider\">\n\t\t\t<span class=\"elementor-divider-separator\">\n\t\t\t\t\t\t<\/span>\n\t\t<\/div>\n\t\t\t\t<\/div>\n\t\t\t\t<\/div>\n\t\t\t\t<div class=\"elementor-element elementor-element-4fd6a20 elementor-widget elementor-widget-text-editor\" data-id=\"4fd6a20\" data-element_type=\"widget\" data-widget_type=\"text-editor.default\">\n\t\t\t\t<div class=\"elementor-widget-container\">\n\t\t\t\t\t\t\t<p><strong>POL\u00cdTICA DE COOKIES DE GOOGLE ANALYTICS:<\/strong><\/p><p>https:\/\/developers.google.com\/analytics\/devguides\/collection\/analyticsjs\/cookie-usage?hl=es<\/p><p>Esta mesa puede ser actualizada de acuerdo con las galletas empleadas en cada momento. Te aconsejamos que consultes nuestra <b>Pol\u00edtica de Cookies<\/b> de forma regular.<\/p><p>Se realizan transferencias de datos en terceros pa\u00edses?<br \/>Puedes informarte de las transferencias a terceros pa\u00edses que, si procede, realizan los terceros identificados en esta pol\u00edtica de cookies en sus correspondientes pol\u00edticas (Ver los enlaces facilitados en la tabla anterior, en el apartado de galletas de terceros).<\/p>\t\t\t\t\t\t<\/div>\n\t\t\t\t<\/div>\n\t\t\t\t<div class=\"elementor-element elementor-element-5a6d47f elementor-widget elementor-widget-text-editor\" data-id=\"5a6d47f\" data-element_type=\"widget\" data-widget_type=\"text-editor.default\">\n\t\t\t\t<div class=\"elementor-widget-container\">\n\t\t\t\t\t\t\t<p><strong>C\u00d3MO DESACTIVAR Y ACTIVAR LAS COOKIES?<\/strong><\/p><p>Te informamos que, en cualquier caso, puedes desactivar o bloquear las cookies activando la configuraci\u00f3n de tu navegador, permitiendo rechazar la instalaci\u00f3n de todas o algunas de las cookies. En caso de no permitir la instalaci\u00f3n de cookies es posible que no puedas acceder a algunas de las funcionalidades del presente sitio web, y por tanto, tu experiencia como usuario en el sitio web resulte menos satisfactoria.<\/p><p>Puedes permitir, bloquear o eliminar las cookies instaladas en tu equipo mediante la configuraci\u00f3n de las opciones del navegador instalado a tu ordenador. Para mayor informaci\u00f3n sobre como ajustar sus configuraciones de cookies en los siguientes navegadores, te remitimos al enlace pertinente:<\/p><p><b>Internet Explorer<\/b><\/p><ul><li><a href=\"https:\/\/support.microsoft.com\/es-es\/help\/17442\/windows-internet-explorer-deletemanage-cookies\">https:\/\/support.microsoft.com\/es-es\/help\/17442\/windows-internet-explorer-deletemanage-cookies<\/a><\/li><\/ul><p><b>Firefox<\/b><\/p><ul><li><a href=\"https:\/\/support.mozilla.org\/es\/kb\/habilitar-y-deshabilitar-cookies-sitios-web-rastrearpreferencias?redirectlocale=es&amp;redirectslug=habilitar-y-deshabilitar-cookies-que-los-sitioswe\">https:\/\/support.mozilla.org\/es\/kb\/habilitar-y-deshabilitar-cookies-sitios-web-rastrearpreferencias?redirectlocale=es&amp;redirectslug=habilitar-*y-deshabilitar-cookies-que-*los-*sitioswe<\/a><\/li><\/ul><p><b>Chrome<\/b><\/p><ul><li><a href=\"http:\/\/support.google.com\/chrome\/bin\/answer.py?hl=en&amp;answer=95647\">http:\/\/support.google.com\/chrome\/bin\/answer.py?hl=en&amp;answer=95647<\/a><\/li><\/ul><p><b>Safari<\/b><\/p><ul><li><a href=\"https:\/\/support.apple.com\/kb\/PH19214?viewlocale=es_ES&amp;locale=es_ES\">https:\/\/support.apple.com\/kb\/ph19214?viewlocale=es_es&amp;locale=se_SE<\/a><\/li><\/ul><p><b>Opera<\/b><\/p><ul><li><a href=\"http:\/\/help.opera.com\/Windows\/11.50\/es-ES\/cookies.html\">http:\/\/help.opera.com\/windows\/11.50\/es-es\/cookies.html<\/a><\/li><\/ul>\t\t\t\t\t\t<\/div>\n\t\t\t\t<\/div>\n\t\t\t\t<\/div>\n\t\t\t\t\t<\/div>\n\t\t\t\t<\/div>\n\t\t<div class=\"elementor-element elementor-element-306afe0 e-flex e-con-boxed e-con e-parent\" data-id=\"306afe0\" data-element_type=\"container\">\n\t\t\t\t\t<div class=\"e-con-inner\">\n\t\t\t\t<div class=\"elementor-element elementor-element-fc585f3 elementor-widget elementor-widget-spacer\" data-id=\"fc585f3\" data-element_type=\"widget\" data-widget_type=\"spacer.default\">\n\t\t\t\t<div class=\"elementor-widget-container\">\n\t\t\t\t\t<div class=\"elementor-spacer\">\n\t\t\t<div class=\"elementor-spacer-inner\"><\/div>\n\t\t<\/div>\n\t\t\t\t<\/div>\n\t\t\t\t<\/div>\n\t\t\t\t\t<\/div>\n\t\t\t\t<\/div>\n\t\t\t\t<\/div>\n\t\t","protected":false},"excerpt":{"rendered":"<p>POL\u00cdTICA DE COOKIES Ingrid Torra \u00b7 Psic\u00f3loga Sanitaria El web de Ingrid Tora Gabarra utiliza cookies propias y de terceros. Una cookie es un fichero que se descarga a su ordenador al acceder en acabadas p\u00e1ginas web, entre otros de otras finalidades, asegurar el correcto funcionamiento de la p\u00e1gina, permitir al Usuario un acceso m\u00e1s [&hellip;]<\/p>\n","protected":false},"author":1,"featured_media":0,"parent":0,"menu_order":0,"comment_status":"closed","ping_status":"closed","template":"elementor_header_footer","meta":{"footnotes":""},"class_list":["post-2795","page","type-page","status-publish","hentry"],"_links":{"self":[{"href":"https:\/\/www.ingridtorrapsicologia.com\/es\/wp-json\/wp\/v2\/pages\/2795","targetHints":{"allow":["GET"]}}],"collection":[{"href":"https:\/\/www.ingridtorrapsicologia.com\/es\/wp-json\/wp\/v2\/pages"}],"about":[{"href":"https:\/\/www.ingridtorrapsicologia.com\/es\/wp-json\/wp\/v2\/types\/page"}],"author":[{"embeddable":true,"href":"https:\/\/www.ingridtorrapsicologia.com\/es\/wp-json\/wp\/v2\/users\/1"}],"replies":[{"embeddable":true,"href":"https:\/\/www.ingridtorrapsicologia.com\/es\/wp-json\/wp\/v2\/comments?post=2795"}],"version-history":[{"count":3,"href":"https:\/\/www.ingridtorrapsicologia.com\/es\/wp-json\/wp\/v2\/pages\/2795\/revisions"}],"predecessor-version":[{"id":2868,"href":"https:\/\/www.ingridtorrapsicologia.com\/es\/wp-json\/wp\/v2\/pages\/2795\/revisions\/2868"}],"wp:attachment":[{"href":"https:\/\/www.ingridtorrapsicologia.com\/es\/wp-json\/wp\/v2\/media?parent=2795"}],"curies":[{"name":"wp","href":"https:\/\/api.w.org\/{rel}","templated":true}]}}