{"id":2794,"date":"2024-09-03T12:42:54","date_gmt":"2024-09-03T12:42:54","guid":{"rendered":"https:\/\/www.ingridtorrapsicologia.com\/taller-educacio-emocional\/"},"modified":"2024-11-12T09:57:37","modified_gmt":"2024-11-12T09:57:37","slug":"taller-de-educacion-emocional","status":"publish","type":"page","link":"https:\/\/www.ingridtorrapsicologia.com\/es\/taller-de-educacion-emocional\/","title":{"rendered":"TALLER DE EDUCACI\u00d3N EMOCIONAL"},"content":{"rendered":"\t\t<div data-elementor-type=\"wp-page\" data-elementor-id=\"2794\" class=\"elementor elementor-2794 elementor-1514\" data-elementor-post-type=\"page\">\n\t\t\t\t<div class=\"elementor-element elementor-element-5d36fff e-flex e-con-boxed elementor-invisible e-con e-parent\" data-id=\"5d36fff\" data-element_type=\"container\" data-settings=\"{&quot;background_background&quot;:&quot;classic&quot;,&quot;animation&quot;:&quot;fadeInDown&quot;}\">\n\t\t\t\t\t<div class=\"e-con-inner\">\n\t\t<div class=\"elementor-element elementor-element-39b31f9 e-con-full e-flex e-con e-child\" data-id=\"39b31f9\" data-element_type=\"container\">\n\t\t\t\t<div class=\"elementor-element elementor-element-321adca elementor-invisible elementor-widget elementor-widget-heading\" data-id=\"321adca\" data-element_type=\"widget\" data-settings=\"{&quot;_animation&quot;:&quot;fadeInLeft&quot;}\" data-widget_type=\"heading.default\">\n\t\t\t\t<div class=\"elementor-widget-container\">\n\t\t\t<h2 class=\"elementor-heading-title elementor-size-default\">TALLER D'EDUCACI\u00d3 EMOCIONAL<\/h2>\t\t<\/div>\n\t\t\t\t<\/div>\n\t\t\t\t<div class=\"elementor-element elementor-element-a1634b5 elementor-widget__width-initial elementor-invisible elementor-widget elementor-widget-heading\" data-id=\"a1634b5\" data-element_type=\"widget\" data-settings=\"{&quot;_animation&quot;:&quot;zoomIn&quot;}\" data-widget_type=\"heading.default\">\n\t\t\t\t<div class=\"elementor-widget-container\">\n\t\t\t<h2 class=\"elementor-heading-title elementor-size-default\">Tallers \u00b7 Ingrid Torra \u00b7 Psic\u00f2loga Sanit\u00e0ria<\/h2>\t\t<\/div>\n\t\t\t\t<\/div>\n\t\t\t\t<\/div>\n\t\t<div class=\"elementor-element elementor-element-0dad6f3 e-con-full e-flex e-con e-child\" data-id=\"0dad6f3\" data-element_type=\"container\">\n\t\t\t\t<\/div>\n\t\t\t\t\t<\/div>\n\t\t\t\t<\/div>\n\t\t<div class=\"elementor-element elementor-element-e978888 e-con-full e-flex e-con e-parent\" data-id=\"e978888\" data-element_type=\"container\">\n\t\t<div class=\"elementor-element elementor-element-dc58fb2 e-con-full e-flex e-con e-child\" data-id=\"dc58fb2\" data-element_type=\"container\">\n\t\t\t\t<\/div>\n\t\t<div class=\"elementor-element elementor-element-ae77513 e-con-full e-flex e-con e-child\" data-id=\"ae77513\" data-element_type=\"container\">\n\t\t\t\t<div class=\"elementor-element elementor-element-6147fe2 elementor-invisible elementor-widget elementor-widget-image\" data-id=\"6147fe2\" data-element_type=\"widget\" data-settings=\"{&quot;_animation&quot;:&quot;fadeInUp&quot;}\" data-widget_type=\"image.default\">\n\t\t\t\t<div class=\"elementor-widget-container\">\n\t\t\t\t\t\t\t\t\t\t\t\t\t<img fetchpriority=\"high\" decoding=\"async\" width=\"500\" height=\"500\" src=\"https:\/\/www.ingridtorrapsicologia.com\/wp-content\/uploads\/2024\/09\/educacio-emocional.png\" class=\"attachment-full size-full wp-image-1517\" alt=\"\" srcset=\"https:\/\/www.ingridtorrapsicologia.com\/wp-content\/uploads\/2024\/09\/educacio-emocional.png 500w, https:\/\/www.ingridtorrapsicologia.com\/wp-content\/uploads\/2024\/09\/educacio-emocional-300x300.png 300w, https:\/\/www.ingridtorrapsicologia.com\/wp-content\/uploads\/2024\/09\/educacio-emocional-150x150.png 150w\" sizes=\"(max-width: 500px) 100vw, 500px\" \/>\t\t\t\t\t\t\t\t\t\t\t\t\t<\/div>\n\t\t\t\t<\/div>\n\t\t\t\t<\/div>\n\t\t\t\t<\/div>\n\t\t<div class=\"elementor-element elementor-element-734bd83 e-flex e-con-boxed e-con e-parent\" data-id=\"734bd83\" data-element_type=\"container\">\n\t\t\t\t\t<div class=\"e-con-inner\">\n\t\t<div class=\"elementor-element elementor-element-e5fbb55 e-con-full e-flex e-con e-child\" data-id=\"e5fbb55\" data-element_type=\"container\">\n\t\t<div class=\"elementor-element elementor-element-fbcd5ed e-con-full e-flex e-con e-child\" data-id=\"fbcd5ed\" data-element_type=\"container\">\n\t\t\t\t<div class=\"elementor-element elementor-element-ea3875e elementor-invisible elementor-widget elementor-widget-image\" data-id=\"ea3875e\" data-element_type=\"widget\" data-settings=\"{&quot;_animation&quot;:&quot;fadeInUp&quot;}\" data-widget_type=\"image.default\">\n\t\t\t\t<div class=\"elementor-widget-container\">\n\t\t\t\t\t\t\t\t\t\t\t\t\t<img decoding=\"async\" width=\"500\" height=\"500\" src=\"https:\/\/www.ingridtorrapsicologia.com\/wp-content\/uploads\/2024\/07\/Diseno-sin-titulo-16.jpg\" class=\"attachment-large size-large wp-image-24\" alt=\"\" srcset=\"https:\/\/www.ingridtorrapsicologia.com\/wp-content\/uploads\/2024\/07\/Diseno-sin-titulo-16.jpg 500w, https:\/\/www.ingridtorrapsicologia.com\/wp-content\/uploads\/2024\/07\/Diseno-sin-titulo-16-300x300.jpg 300w, https:\/\/www.ingridtorrapsicologia.com\/wp-content\/uploads\/2024\/07\/Diseno-sin-titulo-16-150x150.jpg 150w\" sizes=\"(max-width: 500px) 100vw, 500px\" \/>\t\t\t\t\t\t\t\t\t\t\t\t\t<\/div>\n\t\t\t\t<\/div>\n\t\t\t\t<\/div>\n\t\t<div class=\"elementor-element elementor-element-21a1786 e-con-full e-flex e-con e-child\" data-id=\"21a1786\" data-element_type=\"container\">\n\t\t\t\t<div class=\"elementor-element elementor-element-8a349e8 elementor-widget elementor-widget-heading\" data-id=\"8a349e8\" data-element_type=\"widget\" data-widget_type=\"heading.default\">\n\t\t\t\t<div class=\"elementor-widget-container\">\n\t\t\t<h2 class=\"elementor-heading-title elementor-size-default\">En qu\u00e8 consisteix?<\/h2>\t\t<\/div>\n\t\t\t\t<\/div>\n\t\t\t\t<\/div>\n\t\t<div class=\"elementor-element elementor-element-1c3d8f6 e-con-full e-flex e-con e-child\" data-id=\"1c3d8f6\" data-element_type=\"container\">\n\t\t\t\t<div class=\"elementor-element elementor-element-66eea15 elementor-mobile-align-center elementor-align-center elementor-invisible elementor-widget elementor-widget-button\" data-id=\"66eea15\" data-element_type=\"widget\" data-settings=\"{&quot;_animation&quot;:&quot;bounceIn&quot;}\" data-widget_type=\"button.default\">\n\t\t\t\t<div class=\"elementor-widget-container\">\n\t\t\t\t\t<div class=\"elementor-button-wrapper\">\n\t\t\t<a class=\"elementor-button elementor-button-link elementor-size-sm elementor-animation-grow\" href=\"https:\/\/www.ingridtorrapsicologia.com\/taller-educacio-emocional\/#tallers-cn\">\n\t\t\t\t\t\t<span class=\"elementor-button-content-wrapper\">\n\t\t\t\t\t\t\t\t\t<span class=\"elementor-button-text\">VULL INSCRIURE'M!<\/span>\n\t\t\t\t\t<\/span>\n\t\t\t\t\t<\/a>\n\t\t<\/div>\n\t\t\t\t<\/div>\n\t\t\t\t<\/div>\n\t\t\t\t<\/div>\n\t\t\t\t<\/div>\n\t\t\t\t\t<\/div>\n\t\t\t\t<\/div>\n\t\t<div class=\"elementor-element elementor-element-a56208b e-con-full e-flex e-con e-parent\" data-id=\"a56208b\" data-element_type=\"container\">\n\t\t<div class=\"elementor-element elementor-element-110159f e-con-full e-flex elementor-invisible e-con e-child\" data-id=\"110159f\" data-element_type=\"container\" data-settings=\"{&quot;background_background&quot;:&quot;classic&quot;,&quot;animation&quot;:&quot;fadeInLeft&quot;}\">\n\t\t\t\t<\/div>\n\t\t<div class=\"elementor-element elementor-element-119b85e e-con-full e-flex elementor-invisible e-con e-child\" data-id=\"119b85e\" data-element_type=\"container\" data-settings=\"{&quot;animation&quot;:&quot;fadeInRight&quot;}\">\n\t\t\t\t<div class=\"elementor-element elementor-element-946ab4e elementor-invisible elementor-widget elementor-widget-image\" data-id=\"946ab4e\" data-element_type=\"widget\" data-settings=\"{&quot;_animation&quot;:&quot;zoomIn&quot;}\" data-widget_type=\"image.default\">\n\t\t\t\t<div class=\"elementor-widget-container\">\n\t\t\t\t\t\t\t\t\t\t\t\t\t<img decoding=\"async\" width=\"500\" height=\"500\" src=\"https:\/\/www.ingridtorrapsicologia.com\/wp-content\/uploads\/2024\/07\/Diseno-sin-titulo-29.jpg\" class=\"attachment-large size-large wp-image-94\" alt=\"\" srcset=\"https:\/\/www.ingridtorrapsicologia.com\/wp-content\/uploads\/2024\/07\/Diseno-sin-titulo-29.jpg 500w, https:\/\/www.ingridtorrapsicologia.com\/wp-content\/uploads\/2024\/07\/Diseno-sin-titulo-29-300x300.jpg 300w, https:\/\/www.ingridtorrapsicologia.com\/wp-content\/uploads\/2024\/07\/Diseno-sin-titulo-29-150x150.jpg 150w\" sizes=\"(max-width: 500px) 100vw, 500px\" \/>\t\t\t\t\t\t\t\t\t\t\t\t\t<\/div>\n\t\t\t\t<\/div>\n\t\t\t\t<\/div>\n\t\t\t\t<\/div>\n\t\t<div class=\"elementor-element elementor-element-5fabd43 e-flex e-con-boxed e-con e-parent\" data-id=\"5fabd43\" data-element_type=\"container\">\n\t\t\t\t\t<div class=\"e-con-inner\">\n\t\t\t\t<div class=\"elementor-element elementor-element-31e6659 elementor-widget elementor-widget-spacer\" data-id=\"31e6659\" data-element_type=\"widget\" data-widget_type=\"spacer.default\">\n\t\t\t\t<div class=\"elementor-widget-container\">\n\t\t\t\t\t<div class=\"elementor-spacer\">\n\t\t\t<div class=\"elementor-spacer-inner\"><\/div>\n\t\t<\/div>\n\t\t\t\t<\/div>\n\t\t\t\t<\/div>\n\t\t\t\t\t<\/div>\n\t\t\t\t<\/div>\n\t\t\t\t<\/div>\n\t\t","protected":false},"excerpt":{"rendered":"<p>TALLER D&#8217;EDUCACI\u00d3 EMOCIONAL Tallers \u00b7 Ingrid Torra \u00b7 Psic\u00f2loga Sanit\u00e0ria En qu\u00e8 consisteix? VULL INSCRIURE&#8217;M!<\/p>\n","protected":false},"author":1,"featured_media":0,"parent":0,"menu_order":0,"comment_status":"closed","ping_status":"closed","template":"elementor_header_footer","meta":{"footnotes":""},"class_list":["post-2794","page","type-page","status-publish","hentry"],"_links":{"self":[{"href":"https:\/\/www.ingridtorrapsicologia.com\/es\/wp-json\/wp\/v2\/pages\/2794","targetHints":{"allow":["GET"]}}],"collection":[{"href":"https:\/\/www.ingridtorrapsicologia.com\/es\/wp-json\/wp\/v2\/pages"}],"about":[{"href":"https:\/\/www.ingridtorrapsicologia.com\/es\/wp-json\/wp\/v2\/types\/page"}],"author":[{"embeddable":true,"href":"https:\/\/www.ingridtorrapsicologia.com\/es\/wp-json\/wp\/v2\/users\/1"}],"replies":[{"embeddable":true,"href":"https:\/\/www.ingridtorrapsicologia.com\/es\/wp-json\/wp\/v2\/comments?post=2794"}],"version-history":[{"count":1,"href":"https:\/\/www.ingridtorrapsicologia.com\/es\/wp-json\/wp\/v2\/pages\/2794\/revisions"}],"predecessor-version":[{"id":2797,"href":"https:\/\/www.ingridtorrapsicologia.com\/es\/wp-json\/wp\/v2\/pages\/2794\/revisions\/2797"}],"wp:attachment":[{"href":"https:\/\/www.ingridtorrapsicologia.com\/es\/wp-json\/wp\/v2\/media?parent=2794"}],"curies":[{"name":"wp","href":"https:\/\/api.w.org\/{rel}","templated":true}]}}