{"id":2782,"date":"2024-09-03T13:09:19","date_gmt":"2024-09-03T13:09:19","guid":{"rendered":"https:\/\/www.ingridtorrapsicologia.com\/taller-emocions-maternitat-revisar-per-avancar\/"},"modified":"2024-11-12T11:00:19","modified_gmt":"2024-11-12T11:00:19","slug":"taller-emocions-maternitat-revisar-per-avancar","status":"publish","type":"page","link":"https:\/\/www.ingridtorrapsicologia.com\/es\/taller-emocions-maternitat-revisar-per-avancar\/","title":{"rendered":"TALLER EMOCIONES Y MATERNIDAD: REVISAR PARA AVANZAR"},"content":{"rendered":"\t\t<div data-elementor-type=\"wp-page\" data-elementor-id=\"2782\" class=\"elementor elementor-2782 elementor-1566\" data-elementor-post-type=\"page\">\n\t\t\t\t<div class=\"elementor-element elementor-element-5d36fff e-flex e-con-boxed elementor-invisible e-con e-parent\" data-id=\"5d36fff\" data-element_type=\"container\" data-settings=\"{&quot;background_background&quot;:&quot;classic&quot;,&quot;animation&quot;:&quot;fadeInDown&quot;}\">\n\t\t\t\t\t<div class=\"e-con-inner\">\n\t\t<div class=\"elementor-element elementor-element-39b31f9 e-con-full e-flex e-con e-child\" data-id=\"39b31f9\" data-element_type=\"container\">\n\t\t\t\t<div class=\"elementor-element elementor-element-eb16600 elementor-hidden-tablet elementor-hidden-mobile elementor-invisible elementor-widget elementor-widget-heading\" data-id=\"eb16600\" data-element_type=\"widget\" data-settings=\"{&quot;_animation&quot;:&quot;fadeInLeft&quot;}\" data-widget_type=\"heading.default\">\n\t\t\t\t<div class=\"elementor-widget-container\">\n\t\t\t<h2 class=\"elementor-heading-title elementor-size-default\">EMOCIONES Y MATERNIDAD:<\/h2>\t\t<\/div>\n\t\t\t\t<\/div>\n\t\t\t\t<div class=\"elementor-element elementor-element-aeec6f4 elementor-hidden-tablet elementor-hidden-mobile elementor-invisible elementor-widget elementor-widget-heading\" data-id=\"aeec6f4\" data-element_type=\"widget\" data-settings=\"{&quot;_animation&quot;:&quot;fadeInLeft&quot;}\" data-widget_type=\"heading.default\">\n\t\t\t\t<div class=\"elementor-widget-container\">\n\t\t\t<h2 class=\"elementor-heading-title elementor-size-default\">REVISAR PARA AVANZAR<\/h2>\t\t<\/div>\n\t\t\t\t<\/div>\n\t\t\t\t<div class=\"elementor-element elementor-element-a8b5ad8 elementor-hidden-desktop elementor-widget elementor-widget-html\" data-id=\"a8b5ad8\" data-element_type=\"widget\" data-widget_type=\"html.default\">\n\t\t\t\t<div class=\"elementor-widget-container\">\n\t\t\t<center><div><span  style=\"background-color:#CD898A; color:white; font-size:25px; font-weight:600; padding:4px; font-family: Arial, Helvetica, sans-serif; \" >\r\nEMOCIONES Y MATERNIDAD:<\/span><\/div><\/center>\t\t<\/div>\n\t\t\t\t<\/div>\n\t\t\t\t<div class=\"elementor-element elementor-element-191c5ba elementor-hidden-desktop elementor-widget elementor-widget-html\" data-id=\"191c5ba\" data-element_type=\"widget\" data-widget_type=\"html.default\">\n\t\t\t\t<div class=\"elementor-widget-container\">\n\t\t\t<center><div><span  style=\"background-color:#CD898A; color:white; font-size:25px; font-weight:600; padding:4px; font-family: Arial, Helvetica, sans-serif; \" >\r\nREVISAR PARA AVANZAR<\/span><\/div><\/center>\t\t<\/div>\n\t\t\t\t<\/div>\n\t\t\t\t<div class=\"elementor-element elementor-element-a1634b5 elementor-widget__width-initial elementor-invisible elementor-widget elementor-widget-heading\" data-id=\"a1634b5\" data-element_type=\"widget\" data-settings=\"{&quot;_animation&quot;:&quot;zoomIn&quot;}\" data-widget_type=\"heading.default\">\n\t\t\t\t<div class=\"elementor-widget-container\">\n\t\t\t<h2 class=\"elementor-heading-title elementor-size-default\">Talleres \u00b7 Ingrid Torra \u00b7 Psic\u00f3loga Sanitaria<\/h2>\t\t<\/div>\n\t\t\t\t<\/div>\n\t\t\t\t<\/div>\n\t\t<div class=\"elementor-element elementor-element-0dad6f3 e-con-full e-flex e-con e-child\" data-id=\"0dad6f3\" data-element_type=\"container\">\n\t\t\t\t<\/div>\n\t\t\t\t\t<\/div>\n\t\t\t\t<\/div>\n\t\t<div class=\"elementor-element elementor-element-e978888 e-con-full e-flex e-con e-parent\" data-id=\"e978888\" data-element_type=\"container\">\n\t\t<div class=\"elementor-element elementor-element-dc58fb2 e-con-full e-flex e-con e-child\" data-id=\"dc58fb2\" data-element_type=\"container\">\n\t\t\t\t<\/div>\n\t\t<div class=\"elementor-element elementor-element-ae77513 e-con-full e-flex e-con e-child\" data-id=\"ae77513\" data-element_type=\"container\">\n\t\t\t\t<div class=\"elementor-element elementor-element-6147fe2 elementor-invisible elementor-widget elementor-widget-image\" data-id=\"6147fe2\" data-element_type=\"widget\" data-settings=\"{&quot;_animation&quot;:&quot;fadeInUp&quot;}\" data-widget_type=\"image.default\">\n\t\t\t\t<div class=\"elementor-widget-container\">\n\t\t\t\t\t\t\t\t\t\t\t\t\t<img fetchpriority=\"high\" decoding=\"async\" width=\"500\" height=\"500\" src=\"https:\/\/www.ingridtorrapsicologia.com\/wp-content\/uploads\/2024\/09\/maternitat.png\" class=\"attachment-full size-full wp-image-1568\" alt=\"\" srcset=\"https:\/\/www.ingridtorrapsicologia.com\/wp-content\/uploads\/2024\/09\/maternitat.png 500w, https:\/\/www.ingridtorrapsicologia.com\/wp-content\/uploads\/2024\/09\/maternitat-300x300.png 300w, https:\/\/www.ingridtorrapsicologia.com\/wp-content\/uploads\/2024\/09\/maternitat-150x150.png 150w\" sizes=\"(max-width: 500px) 100vw, 500px\" \/>\t\t\t\t\t\t\t\t\t\t\t\t\t<\/div>\n\t\t\t\t<\/div>\n\t\t\t\t<\/div>\n\t\t\t\t<\/div>\n\t\t<div class=\"elementor-element elementor-element-734bd83 e-flex e-con-boxed e-con e-parent\" data-id=\"734bd83\" data-element_type=\"container\">\n\t\t\t\t\t<div class=\"e-con-inner\">\n\t\t<div class=\"elementor-element elementor-element-e5fbb55 e-con-full e-flex e-con e-child\" data-id=\"e5fbb55\" data-element_type=\"container\">\n\t\t<div class=\"elementor-element elementor-element-fbcd5ed e-con-full e-flex e-con e-child\" data-id=\"fbcd5ed\" data-element_type=\"container\">\n\t\t\t\t<div class=\"elementor-element elementor-element-ea3875e elementor-invisible elementor-widget elementor-widget-image\" data-id=\"ea3875e\" data-element_type=\"widget\" data-settings=\"{&quot;_animation&quot;:&quot;fadeInUp&quot;}\" data-widget_type=\"image.default\">\n\t\t\t\t<div class=\"elementor-widget-container\">\n\t\t\t\t\t\t\t\t\t\t\t\t\t<img decoding=\"async\" width=\"500\" height=\"500\" src=\"https:\/\/www.ingridtorrapsicologia.com\/wp-content\/uploads\/2024\/07\/Diseno-sin-titulo-16.jpg\" class=\"attachment-large size-large wp-image-24\" alt=\"\" srcset=\"https:\/\/www.ingridtorrapsicologia.com\/wp-content\/uploads\/2024\/07\/Diseno-sin-titulo-16.jpg 500w, https:\/\/www.ingridtorrapsicologia.com\/wp-content\/uploads\/2024\/07\/Diseno-sin-titulo-16-300x300.jpg 300w, https:\/\/www.ingridtorrapsicologia.com\/wp-content\/uploads\/2024\/07\/Diseno-sin-titulo-16-150x150.jpg 150w\" sizes=\"(max-width: 500px) 100vw, 500px\" \/>\t\t\t\t\t\t\t\t\t\t\t\t\t<\/div>\n\t\t\t\t<\/div>\n\t\t\t\t<\/div>\n\t\t<div class=\"elementor-element elementor-element-21a1786 e-con-full e-flex e-con e-child\" data-id=\"21a1786\" data-element_type=\"container\">\n\t\t\t\t<div class=\"elementor-element elementor-element-8a349e8 elementor-widget elementor-widget-heading\" data-id=\"8a349e8\" data-element_type=\"widget\" data-widget_type=\"heading.default\">\n\t\t\t\t<div class=\"elementor-widget-container\">\n\t\t\t<h2 class=\"elementor-heading-title elementor-size-default\">\u00bfEn que consiste?<\/h2>\t\t<\/div>\n\t\t\t\t<\/div>\n\t\t\t\t<\/div>\n\t\t\t\t<div class=\"elementor-element elementor-element-abe976a elementor-widget elementor-widget-text-editor\" data-id=\"abe976a\" data-element_type=\"widget\" data-widget_type=\"text-editor.default\">\n\t\t\t\t<div class=\"elementor-widget-container\">\n\t\t\t\t\t\t\t<p>Bienvenidos a nuestro taller \u00abEmociones y Maternidad: Revisar para Avanzar\u00bb. La maternidad es un cambio profundo que impacta en muchos aspectos de nuestra vida: es un nuevo rol, una nueva forma de vivir, de pensar y de sentir. En este taller, revisaremos c\u00f3mo hemos vivido la maternidad como hijos, como la vivimos como mujeres la gestaci\u00f3n y como se plantea la crianza de los hijos desde la perspectiva de la madre.<\/p><p><b>A trav\u00e9s de reflexiones y una mirada hacia el pasado, el presente y el futuro, exploraremos como revisar no solo desde el pensamiento, sino tambi\u00e9n desde la sensaci\u00f3n. Esto nos permitir\u00e1 escoger qu\u00e9 es aquello que nos gustar\u00eda hacer como madres y padres de manera m\u00e1s consciente y satisfactoria.<\/b><\/p>\t\t\t\t\t\t<\/div>\n\t\t\t\t<\/div>\n\t\t<div class=\"elementor-element elementor-element-1c3d8f6 e-con-full e-flex e-con e-child\" data-id=\"1c3d8f6\" data-element_type=\"container\">\n\t\t\t\t<div class=\"elementor-element elementor-element-66eea15 elementor-mobile-align-center elementor-align-center elementor-invisible elementor-widget elementor-widget-button\" data-id=\"66eea15\" data-element_type=\"widget\" data-settings=\"{&quot;_animation&quot;:&quot;bounceIn&quot;}\" data-widget_type=\"button.default\">\n\t\t\t\t<div class=\"elementor-widget-container\">\n\t\t\t\t\t<div class=\"elementor-button-wrapper\">\n\t\t\t<a class=\"elementor-button elementor-button-link elementor-size-sm elementor-animation-grow\" href=\"https:\/\/www.ingridtorrapsicologia.com\/taller-emocions-maternitat-revisar-per-avancar\/#tallers-cn\">\n\t\t\t\t\t\t<span class=\"elementor-button-content-wrapper\">\n\t\t\t\t\t\t\t\t\t<span class=\"elementor-button-text\">\u00a1AV\u00cdSAME CUANDO EST\u00c9 DISPONIBLE!<\/span>\n\t\t\t\t\t<\/span>\n\t\t\t\t\t<\/a>\n\t\t<\/div>\n\t\t\t\t<\/div>\n\t\t\t\t<\/div>\n\t\t\t\t<\/div>\n\t\t\t\t<\/div>\n\t\t\t\t\t<\/div>\n\t\t\t\t<\/div>\n\t\t<div class=\"elementor-element elementor-element-a56208b e-con-full e-flex e-con e-parent\" data-id=\"a56208b\" data-element_type=\"container\">\n\t\t<div class=\"elementor-element elementor-element-110159f e-con-full e-flex elementor-invisible e-con e-child\" data-id=\"110159f\" data-element_type=\"container\" data-settings=\"{&quot;background_background&quot;:&quot;classic&quot;,&quot;animation&quot;:&quot;fadeInLeft&quot;}\">\n\t\t\t\t<div class=\"elementor-element elementor-element-88a5756 elementor-widget elementor-widget-text-editor\" data-id=\"88a5756\" data-element_type=\"widget\" data-widget_type=\"text-editor.default\">\n\t\t\t\t<div class=\"elementor-widget-container\">\n\t\t\t\t\t\t\t<p><strong>Fecha:<\/strong> Pr\u00f3ximamente<br \/><strong>Durada:<\/strong> 4 horas<br \/><strong>Lugar:<\/strong> Lleida. Avenida Balmes, 14 6.\u00ba piso<br \/><strong>Precio:<\/strong> pr\u00f3ximamente<br \/><strong>Dirigido a:<\/strong> Adultos interesados en su crecimiento personal emocional.<\/p>\t\t\t\t\t\t<\/div>\n\t\t\t\t<\/div>\n\t\t\t\t<\/div>\n\t\t<div class=\"elementor-element elementor-element-119b85e e-con-full e-flex elementor-invisible e-con e-child\" data-id=\"119b85e\" data-element_type=\"container\" data-settings=\"{&quot;animation&quot;:&quot;fadeInRight&quot;}\">\n\t\t\t\t<div class=\"elementor-element elementor-element-946ab4e elementor-invisible elementor-widget elementor-widget-image\" data-id=\"946ab4e\" data-element_type=\"widget\" data-settings=\"{&quot;_animation&quot;:&quot;zoomIn&quot;}\" data-widget_type=\"image.default\">\n\t\t\t\t<div class=\"elementor-widget-container\">\n\t\t\t\t\t\t\t\t\t\t\t\t\t<img decoding=\"async\" width=\"500\" height=\"500\" src=\"https:\/\/www.ingridtorrapsicologia.com\/wp-content\/uploads\/2024\/07\/Diseno-sin-titulo-29.jpg\" class=\"attachment-large size-large wp-image-94\" alt=\"\" srcset=\"https:\/\/www.ingridtorrapsicologia.com\/wp-content\/uploads\/2024\/07\/Diseno-sin-titulo-29.jpg 500w, https:\/\/www.ingridtorrapsicologia.com\/wp-content\/uploads\/2024\/07\/Diseno-sin-titulo-29-300x300.jpg 300w, https:\/\/www.ingridtorrapsicologia.com\/wp-content\/uploads\/2024\/07\/Diseno-sin-titulo-29-150x150.jpg 150w\" sizes=\"(max-width: 500px) 100vw, 500px\" \/>\t\t\t\t\t\t\t\t\t\t\t\t\t<\/div>\n\t\t\t\t<\/div>\n\t\t\t\t<\/div>\n\t\t\t\t<\/div>\n\t\t<div class=\"elementor-element elementor-element-5fabd43 e-flex e-con-boxed e-con e-parent\" data-id=\"5fabd43\" data-element_type=\"container\">\n\t\t\t\t\t<div class=\"e-con-inner\">\n\t\t\t\t<div class=\"elementor-element elementor-element-31e6659 elementor-widget elementor-widget-spacer\" data-id=\"31e6659\" data-element_type=\"widget\" data-widget_type=\"spacer.default\">\n\t\t\t\t<div class=\"elementor-widget-container\">\n\t\t\t\t\t<div class=\"elementor-spacer\">\n\t\t\t<div class=\"elementor-spacer-inner\"><\/div>\n\t\t<\/div>\n\t\t\t\t<\/div>\n\t\t\t\t<\/div>\n\t\t\t\t\t<\/div>\n\t\t\t\t<\/div>\n\t\t<div class=\"elementor-element elementor-element-eb3ec92 e-flex e-con-boxed e-con e-parent\" data-id=\"eb3ec92\" data-element_type=\"container\">\n\t\t\t\t\t<div class=\"e-con-inner\">\n\t\t\t\t<div class=\"elementor-element elementor-element-ee2bf84 elementor-fixed elementor-invisible elementor-widget elementor-widget-image\" data-id=\"ee2bf84\" data-element_type=\"widget\" data-settings=\"{&quot;_position&quot;:&quot;fixed&quot;,&quot;_animation&quot;:&quot;fadeIn&quot;}\" data-widget_type=\"image.default\">\n\t\t\t\t<div class=\"elementor-widget-container\">\n\t\t\t\t\t\t\t\t\t\t\t\t\t\t<a href=\"https:\/\/api.whatsapp.com\/send\/?phone=34605323401&#038;text=Hola+%2AIngrid%2A.+Necesito+m%C3%A1s+informaci%C3%B3n+sobre+Ingrid+https%3A%2F%2Fmystifying-williams.217-160-227-206.plesk.page&#038;type=phone_number&#038;app_absent=0\" target=\"_blank\">\n\t\t\t\t\t\t\t<img loading=\"lazy\" decoding=\"async\" width=\"500\" height=\"500\" src=\"https:\/\/www.ingridtorrapsicologia.com\/wp-content\/uploads\/2024\/10\/whatsapp-icona.png\" class=\"elementor-animation-pulse attachment-full size-full wp-image-2174\" alt=\"\" srcset=\"https:\/\/www.ingridtorrapsicologia.com\/wp-content\/uploads\/2024\/10\/whatsapp-icona.png 500w, https:\/\/www.ingridtorrapsicologia.com\/wp-content\/uploads\/2024\/10\/whatsapp-icona-300x300.png 300w, https:\/\/www.ingridtorrapsicologia.com\/wp-content\/uploads\/2024\/10\/whatsapp-icona-150x150.png 150w\" sizes=\"(max-width: 500px) 100vw, 500px\" \/>\t\t\t\t\t\t\t\t<\/a>\n\t\t\t\t\t\t\t\t\t\t\t\t\t<\/div>\n\t\t\t\t<\/div>\n\t\t\t\t\t<\/div>\n\t\t\t\t<\/div>\n\t\t\t\t<\/div>\n\t\t","protected":false},"excerpt":{"rendered":"<p>EMOCIONES Y MATERNIDAD: REVISAR PARA AVANZAR EMOCIONES Y MATERNIDAD: REVISAR PARA AVANZAR Talleres \u00b7 Ingrid Torra \u00b7 Psic\u00f3loga Sanitaria \u00bfEn que consiste? Bienvenidos a nuestro taller \u00abEmociones y Maternidad: Revisar para Avanzar\u00bb. La maternidad es un cambio profundo que impacta en muchos aspectos de nuestra vida: es un nuevo rol, una nueva forma de vivir, [&hellip;]<\/p>\n","protected":false},"author":1,"featured_media":0,"parent":0,"menu_order":0,"comment_status":"closed","ping_status":"closed","template":"elementor_header_footer","meta":{"footnotes":""},"class_list":["post-2782","page","type-page","status-publish","hentry"],"_links":{"self":[{"href":"https:\/\/www.ingridtorrapsicologia.com\/es\/wp-json\/wp\/v2\/pages\/2782","targetHints":{"allow":["GET"]}}],"collection":[{"href":"https:\/\/www.ingridtorrapsicologia.com\/es\/wp-json\/wp\/v2\/pages"}],"about":[{"href":"https:\/\/www.ingridtorrapsicologia.com\/es\/wp-json\/wp\/v2\/types\/page"}],"author":[{"embeddable":true,"href":"https:\/\/www.ingridtorrapsicologia.com\/es\/wp-json\/wp\/v2\/users\/1"}],"replies":[{"embeddable":true,"href":"https:\/\/www.ingridtorrapsicologia.com\/es\/wp-json\/wp\/v2\/comments?post=2782"}],"version-history":[{"count":4,"href":"https:\/\/www.ingridtorrapsicologia.com\/es\/wp-json\/wp\/v2\/pages\/2782\/revisions"}],"predecessor-version":[{"id":2837,"href":"https:\/\/www.ingridtorrapsicologia.com\/es\/wp-json\/wp\/v2\/pages\/2782\/revisions\/2837"}],"wp:attachment":[{"href":"https:\/\/www.ingridtorrapsicologia.com\/es\/wp-json\/wp\/v2\/media?parent=2782"}],"curies":[{"name":"wp","href":"https:\/\/api.w.org\/{rel}","templated":true}]}}