{"id":2638,"date":"2024-07-11T09:51:56","date_gmt":"2024-07-11T09:51:56","guid":{"rendered":"https:\/\/www.ingridtorrapsicologia.com\/colaboracion\/"},"modified":"2024-12-12T16:57:38","modified_gmt":"2024-12-12T16:57:38","slug":"colaboracion","status":"publish","type":"page","link":"https:\/\/www.ingridtorrapsicologia.com\/es\/colaboracion\/","title":{"rendered":"COLABORACI\u00d3N"},"content":{"rendered":"\t\t<div data-elementor-type=\"wp-page\" data-elementor-id=\"2638\" class=\"elementor elementor-2638 elementor-307\" data-elementor-post-type=\"page\">\n\t\t\t\t<div class=\"elementor-element elementor-element-d42f9d1 e-flex e-con-boxed e-con e-parent\" data-id=\"d42f9d1\" data-element_type=\"container\" data-settings=\"{&quot;background_background&quot;:&quot;classic&quot;}\">\n\t\t\t\t\t<div class=\"e-con-inner\">\n\t\t<div class=\"elementor-element elementor-element-73a1b68 e-con-full e-flex e-con e-child\" data-id=\"73a1b68\" data-element_type=\"container\">\n\t\t\t\t<div class=\"elementor-element elementor-element-ea019c9 elementor-hidden-tablet elementor-hidden-mobile elementor-invisible elementor-widget elementor-widget-heading\" data-id=\"ea019c9\" data-element_type=\"widget\" data-settings=\"{&quot;_animation&quot;:&quot;fadeInLeft&quot;}\" data-widget_type=\"heading.default\">\n\t\t\t\t<div class=\"elementor-widget-container\">\n\t\t\t<h2 class=\"elementor-heading-title elementor-size-default\">COLABORACI\u00d3N<\/h2>\t\t<\/div>\n\t\t\t\t<\/div>\n\t\t\t\t<div class=\"elementor-element elementor-element-32f8c81 elementor-hidden-desktop elementor-widget elementor-widget-html\" data-id=\"32f8c81\" data-element_type=\"widget\" data-widget_type=\"html.default\">\n\t\t\t\t<div class=\"elementor-widget-container\">\n\t\t\t<center><div><span style=\"background-color:#CD898A; color:white; font-size:25px; font-weight:600; padding:4px; font-family: Arial, Helvetica, sans-serif;  \">COLABORACI\u00d3N<\/span><\/div><\/center>\t\t<\/div>\n\t\t\t\t<\/div>\n\t\t\t\t<div class=\"elementor-element elementor-element-a27d907 elementor-widget__width-initial elementor-invisible elementor-widget elementor-widget-heading\" data-id=\"a27d907\" data-element_type=\"widget\" data-settings=\"{&quot;_animation&quot;:&quot;zoomIn&quot;}\" data-widget_type=\"heading.default\">\n\t\t\t\t<div class=\"elementor-widget-container\">\n\t\t\t<h2 class=\"elementor-heading-title elementor-size-default\">S\u00e9 T\u00da el cambio que quieres ver en el MUNDO\" - Mahatma Gandhi<\/h2>\t\t<\/div>\n\t\t\t\t<\/div>\n\t\t\t\t<\/div>\n\t\t<div class=\"elementor-element elementor-element-58c6362 e-con-full e-flex e-con e-child\" data-id=\"58c6362\" data-element_type=\"container\">\n\t\t\t\t<\/div>\n\t\t\t\t\t<\/div>\n\t\t\t\t<\/div>\n\t\t<div class=\"elementor-element elementor-element-929f098 e-con-full e-flex e-con e-parent\" data-id=\"929f098\" data-element_type=\"container\">\n\t\t<div class=\"elementor-element elementor-element-e6f4cd7 e-con-full e-flex e-con e-child\" data-id=\"e6f4cd7\" data-element_type=\"container\">\n\t\t\t\t<\/div>\n\t\t<div class=\"elementor-element elementor-element-9ebc61d e-con-full e-flex e-con e-child\" data-id=\"9ebc61d\" data-element_type=\"container\">\n\t\t\t\t<div class=\"elementor-element elementor-element-b7dd179 elementor-invisible elementor-widget elementor-widget-image\" data-id=\"b7dd179\" data-element_type=\"widget\" data-settings=\"{&quot;_animation&quot;:&quot;fadeInUp&quot;}\" data-widget_type=\"image.default\">\n\t\t\t\t<div class=\"elementor-widget-container\">\n\t\t\t\t\t\t\t\t\t\t\t\t\t<img fetchpriority=\"high\" decoding=\"async\" width=\"500\" height=\"500\" src=\"https:\/\/www.ingridtorrapsicologia.com\/wp-content\/uploads\/2024\/10\/PLANTILLES-TALLERS-INGRID-TORRA.png\" class=\"attachment-full size-full wp-image-1835\" alt=\"\" srcset=\"https:\/\/www.ingridtorrapsicologia.com\/wp-content\/uploads\/2024\/10\/PLANTILLES-TALLERS-INGRID-TORRA.png 500w, https:\/\/www.ingridtorrapsicologia.com\/wp-content\/uploads\/2024\/10\/PLANTILLES-TALLERS-INGRID-TORRA-300x300.png 300w, https:\/\/www.ingridtorrapsicologia.com\/wp-content\/uploads\/2024\/10\/PLANTILLES-TALLERS-INGRID-TORRA-150x150.png 150w\" sizes=\"(max-width: 500px) 100vw, 500px\" \/>\t\t\t\t\t\t\t\t\t\t\t\t\t<\/div>\n\t\t\t\t<\/div>\n\t\t\t\t<\/div>\n\t\t\t\t<\/div>\n\t\t<div class=\"elementor-element elementor-element-509d7dd2 e-flex e-con-boxed e-con e-parent\" data-id=\"509d7dd2\" data-element_type=\"container\">\n\t\t\t\t\t<div class=\"e-con-inner\">\n\t\t<div class=\"elementor-element elementor-element-7b023942 e-con-full e-flex e-con e-child\" data-id=\"7b023942\" data-element_type=\"container\">\n\t\t\t\t<div class=\"elementor-element elementor-element-c3b9e33 elementor-widget__width-initial elementor-invisible elementor-widget elementor-widget-image\" data-id=\"c3b9e33\" data-element_type=\"widget\" data-settings=\"{&quot;_animation&quot;:&quot;bounceIn&quot;}\" data-widget_type=\"image.default\">\n\t\t\t\t<div class=\"elementor-widget-container\">\n\t\t\t\t\t\t\t\t\t\t\t\t\t<img decoding=\"async\" width=\"210\" height=\"94\" src=\"https:\/\/www.ingridtorrapsicologia.com\/wp-content\/uploads\/2024\/08\/image-e1724242802294.png\" class=\"attachment-large size-large wp-image-1275\" alt=\"\" \/>\t\t\t\t\t\t\t\t\t\t\t\t\t<\/div>\n\t\t\t\t<\/div>\n\t\t\t\t<\/div>\n\t\t<div class=\"elementor-element elementor-element-21d2fd3e e-con-full e-flex e-con e-child\" data-id=\"21d2fd3e\" data-element_type=\"container\">\n\t\t\t\t<div class=\"elementor-element elementor-element-631a4fe6 elementor-invisible elementor-widget elementor-widget-text-editor\" data-id=\"631a4fe6\" data-element_type=\"widget\" data-settings=\"{&quot;_animation&quot;:&quot;fadeInDown&quot;}\" data-widget_type=\"text-editor.default\">\n\t\t\t\t<div class=\"elementor-widget-container\">\n\t\t\t\t\t\t\t<h2><span class=\"OYPEnA text-decoration-none text-strikethrough-none\"><b>Dolors Monturiol Moreno<\/b><\/span><\/h2>\n\t\t\t\t\t\t<\/div>\n\t\t\t\t<\/div>\n\t\t\t\t<\/div>\n\t\t<div class=\"elementor-element elementor-element-5d70ad04 e-con-full e-flex e-con e-child\" data-id=\"5d70ad04\" data-element_type=\"container\">\n\t\t\t\t<div class=\"elementor-element elementor-element-1f30b6ba elementor-invisible elementor-widget elementor-widget-text-editor\" data-id=\"1f30b6ba\" data-element_type=\"widget\" data-settings=\"{&quot;_animation&quot;:&quot;fadeInDown&quot;}\" data-widget_type=\"text-editor.default\">\n\t\t\t\t<div class=\"elementor-widget-container\">\n\t\t\t\t\t\t\t<p class=\"cvGsUA direction-ltr align-center para-style-body\"><span class=\"OYPEnA text-decoration-none text-strikethrough-none\">Mi nombre es Dolors Monturiol Moreno. Nac\u00ed en Lleida en 1964. Curs\u00e9 la Licenciatura en Medicina y he ejercido siempre la profesi\u00f3n de manera independiente, desde la perspectiva de la medicina complementaria. Esta actividad me ha convertido en una observadora apasionada del impacto que la forma de interpretar las vivencias y de gestionarlas de cada persona tiene en su SALUD, entendiendo esta en el sentido amplio que define la salud la OMS (Organizaci\u00f3n Mundial de la Salud): estado de completo bienestar f\u00edsico, mental y social).   <\/span><\/p>\n<p class=\"cvGsUA direction-ltr align-center para-style-body\"><strong><span class=\"OYPEnA text-decoration-none text-strikethrough-none\">La curiosidad y el deseo de ayudar a las personas a alcanzar este estado de bienestar que sin duda es posible, me han llevado a interesarme por la Educaci\u00f3n Emocional y la Inteligencia Emocional.<\/span><\/strong><span class=\"OYPEnA text-decoration-none text-strikethrough-none\">, as\u00ed como en el concepto de Ecolog\u00eda Emocional y en algunos aspectos de la Neurociencia, tanto en lo que respecta a la comprensi\u00f3n de la enfermedad mental como en la aplicaci\u00f3n de los avances neurocient\u00edficos en el campo de la educaci\u00f3n emocional de las personas. Adem\u00e1s, por supuesto, contin\u00fao avanzando d\u00eda a d\u00eda en mi autoconocimiento, sin el cual me resultar\u00eda muy dif\u00edcil comprender c\u00f3mo funcionan los dem\u00e1s. <\/span><\/p>\n\t\t\t\t\t\t<\/div>\n\t\t\t\t<\/div>\n\t\t\t\t<\/div>\n\t\t\t\t\t<\/div>\n\t\t\t\t<\/div>\n\t\t<div class=\"elementor-element elementor-element-e3f4552 e-flex e-con-boxed e-con e-parent\" data-id=\"e3f4552\" data-element_type=\"container\">\n\t\t\t\t\t<div class=\"e-con-inner\">\n\t\t\t\t<div class=\"elementor-element elementor-element-635878a elementor-widget elementor-widget-spacer\" data-id=\"635878a\" data-element_type=\"widget\" data-widget_type=\"spacer.default\">\n\t\t\t\t<div class=\"elementor-widget-container\">\n\t\t\t\t\t<div class=\"elementor-spacer\">\n\t\t\t<div class=\"elementor-spacer-inner\"><\/div>\n\t\t<\/div>\n\t\t\t\t<\/div>\n\t\t\t\t<\/div>\n\t\t\t\t\t<\/div>\n\t\t\t\t<\/div>\n\t\t<div class=\"elementor-element elementor-element-d7a461d e-con-full e-flex e-con e-parent\" data-id=\"d7a461d\" data-element_type=\"container\">\n\t\t<div class=\"elementor-element elementor-element-fae6596 e-con-full e-flex elementor-invisible e-con e-child\" data-id=\"fae6596\" data-element_type=\"container\" data-settings=\"{&quot;animation&quot;:&quot;fadeInLeft&quot;}\">\n\t\t\t\t<div class=\"elementor-element elementor-element-747ff68 elementor-widget__width-initial elementor-invisible elementor-widget elementor-widget-image\" data-id=\"747ff68\" data-element_type=\"widget\" data-settings=\"{&quot;_animation&quot;:&quot;fadeInLeft&quot;}\" data-widget_type=\"image.default\">\n\t\t\t\t<div class=\"elementor-widget-container\">\n\t\t\t\t\t\t\t\t\t\t\t\t\t<img decoding=\"async\" width=\"500\" height=\"500\" src=\"https:\/\/www.ingridtorrapsicologia.com\/wp-content\/uploads\/2024\/10\/Foto-colaboracio.png\" class=\"attachment-full size-full wp-image-1843\" alt=\"\" srcset=\"https:\/\/www.ingridtorrapsicologia.com\/wp-content\/uploads\/2024\/10\/Foto-colaboracio.png 500w, https:\/\/www.ingridtorrapsicologia.com\/wp-content\/uploads\/2024\/10\/Foto-colaboracio-300x300.png 300w, https:\/\/www.ingridtorrapsicologia.com\/wp-content\/uploads\/2024\/10\/Foto-colaboracio-150x150.png 150w\" sizes=\"(max-width: 500px) 100vw, 500px\" \/>\t\t\t\t\t\t\t\t\t\t\t\t\t<\/div>\n\t\t\t\t<\/div>\n\t\t\t\t<\/div>\n\t\t<div class=\"elementor-element elementor-element-ae70df3 e-con-full e-flex elementor-invisible e-con e-child\" data-id=\"ae70df3\" data-element_type=\"container\" data-settings=\"{&quot;animation&quot;:&quot;fadeInRight&quot;}\">\n\t\t<div class=\"elementor-element elementor-element-7572162 e-con-full e-flex e-con e-child\" data-id=\"7572162\" data-element_type=\"container\">\n\t\t<div class=\"elementor-element elementor-element-15c7a39 e-con-full e-flex e-con e-child\" data-id=\"15c7a39\" data-element_type=\"container\">\n\t\t<div class=\"elementor-element elementor-element-409a1a4 e-con-full e-flex elementor-invisible e-con e-child\" data-id=\"409a1a4\" data-element_type=\"container\" data-settings=\"{&quot;animation&quot;:&quot;fadeInRight&quot;}\">\n\t\t\t\t<div class=\"elementor-element elementor-element-def0c1c elementor-invisible elementor-widget elementor-widget-heading\" data-id=\"def0c1c\" data-element_type=\"widget\" data-settings=\"{&quot;_animation&quot;:&quot;fadeInLeft&quot;}\" data-widget_type=\"heading.default\">\n\t\t\t\t<div class=\"elementor-widget-container\">\n\t\t\t<h2 class=\"elementor-heading-title elementor-size-default\">Un placer, entonces, ocupar este espacio. <\/h2>\t\t<\/div>\n\t\t\t\t<\/div>\n\t\t\t\t<div class=\"elementor-element elementor-element-a0d25f2 elementor-invisible elementor-widget elementor-widget-heading\" data-id=\"a0d25f2\" data-element_type=\"widget\" data-settings=\"{&quot;_animation&quot;:&quot;fadeInLeft&quot;}\" data-widget_type=\"heading.default\">\n\t\t\t\t<div class=\"elementor-widget-container\">\n\t\t\t<h2 class=\"elementor-heading-title elementor-size-default\">en su p\u00e1gina web. <\/h2>\t\t<\/div>\n\t\t\t\t<\/div>\n\t\t\t\t<div class=\"elementor-element elementor-element-7a1daeb elementor-invisible elementor-widget elementor-widget-heading\" data-id=\"7a1daeb\" data-element_type=\"widget\" data-settings=\"{&quot;_animation&quot;:&quot;fadeInLeft&quot;}\" data-widget_type=\"heading.default\">\n\t\t\t\t<div class=\"elementor-widget-container\">\n\t\t\t<h2 class=\"elementor-heading-title elementor-size-default\">\u00a1Muchas gracias, Ingrid!<\/h2>\t\t<\/div>\n\t\t\t\t<\/div>\n\t\t\t\t<\/div>\n\t\t\t\t<\/div>\n\t\t\t\t<\/div>\n\t\t<div class=\"elementor-element elementor-element-1ac1e37 e-con-full e-flex e-con e-child\" data-id=\"1ac1e37\" data-element_type=\"container\">\n\t\t\t\t<div class=\"elementor-element elementor-element-e2b3204 elementor-widget__width-initial elementor-invisible elementor-widget elementor-widget-text-editor\" data-id=\"e2b3204\" data-element_type=\"widget\" data-settings=\"{&quot;_animation&quot;:&quot;fadeInRight&quot;}\" data-widget_type=\"text-editor.default\">\n\t\t\t\t<div class=\"elementor-widget-container\">\n\t\t\t\t\t\t\t<p class=\"cvGsUA direction-ltr align-justify para-style-body\"><span class=\"OYPEnA text-decoration-none text-strikethrough-none\">Conozco a Ingrid desde que era una ni\u00f1a y sus padres la llevaban a mi consulta. He tenido la oportunidad de acompa\u00f1arla en su tr\u00e1nsito por la adolescencia y la universidad. Y despu\u00e9s, ya como mujer adulta, en sus primeros pasos en el mundo laboral.  <\/span><\/p>\n<p><span class=\"OYPEnA text-decoration-none text-strikethrough-none\">En los \u00faltimos a\u00f1os la he visto apasionarse por los mismos temas que me apasionan a m\u00ed, formarse sin descanso en m\u00faltiples campos que la atraen y de los que quiere saber m\u00e1s y m\u00e1s.<\/span><\/p>\n<p>A menudo me ha pedido consejo y, conversaci\u00f3n tras conversaci\u00f3n, aquella relaci\u00f3n que iniciamos como m\u00e9dica y paciente ha ido evolucionando hasta convertirse en la actualidad en una amistad rica y respetuosa entre dos mujeres adultas que comparten muchos intereses. Son precisamente estos intereses compartidos los que han generado la idea de colaborar entre nosotras a nivel profesional. En este sentido, el peque\u00f1o tramo de camino recorrido me da la certeza de que ser\u00e1 una colaboraci\u00f3n muy enriquecedora y satisfactoria, y de la que derivar\u00e1 mucho aprendizaje para las dos.   <\/p>\n\t\t\t\t\t\t<\/div>\n\t\t\t\t<\/div>\n\t\t\t\t<div class=\"elementor-element elementor-element-576b575 elementor-widget__width-initial elementor-mobile-align-center elementor-invisible elementor-widget elementor-widget-button\" data-id=\"576b575\" data-element_type=\"widget\" data-settings=\"{&quot;_animation&quot;:&quot;bounceIn&quot;}\" data-widget_type=\"button.default\">\n\t\t\t\t<div class=\"elementor-widget-container\">\n\t\t\t\t\t<div class=\"elementor-button-wrapper\">\n\t\t\t<a class=\"elementor-button elementor-button-link elementor-size-sm elementor-animation-grow\" href=\"https:\/\/dolorsmonturiol.com\/\">\n\t\t\t\t\t\t<span class=\"elementor-button-content-wrapper\">\n\t\t\t\t\t\t\t\t\t<span class=\"elementor-button-text\">\u00a1VISITA SU P\u00c1GINA WEB!<\/span>\n\t\t\t\t\t<\/span>\n\t\t\t\t\t<\/a>\n\t\t<\/div>\n\t\t\t\t<\/div>\n\t\t\t\t<\/div>\n\t\t\t\t<div class=\"elementor-element elementor-element-7fe3bf9 elementor-widget elementor-widget-spacer\" data-id=\"7fe3bf9\" data-element_type=\"widget\" data-widget_type=\"spacer.default\">\n\t\t\t\t<div class=\"elementor-widget-container\">\n\t\t\t\t\t<div class=\"elementor-spacer\">\n\t\t\t<div class=\"elementor-spacer-inner\"><\/div>\n\t\t<\/div>\n\t\t\t\t<\/div>\n\t\t\t\t<\/div>\n\t\t\t\t<\/div>\n\t\t\t\t<\/div>\n\t\t\t\t<\/div>\n\t\t<div class=\"elementor-element elementor-element-b7c5fda e-flex e-con-boxed e-con e-parent\" data-id=\"b7c5fda\" data-element_type=\"container\">\n\t\t\t\t\t<div class=\"e-con-inner\">\n\t\t\t\t<div class=\"elementor-element elementor-element-9cca0bd elementor-widget elementor-widget-spacer\" data-id=\"9cca0bd\" data-element_type=\"widget\" data-widget_type=\"spacer.default\">\n\t\t\t\t<div class=\"elementor-widget-container\">\n\t\t\t\t\t<div class=\"elementor-spacer\">\n\t\t\t<div class=\"elementor-spacer-inner\"><\/div>\n\t\t<\/div>\n\t\t\t\t<\/div>\n\t\t\t\t<\/div>\n\t\t\t\t\t<\/div>\n\t\t\t\t<\/div>\n\t\t<div class=\"elementor-element elementor-element-1910761 e-flex e-con-boxed e-con e-parent\" data-id=\"1910761\" data-element_type=\"container\">\n\t\t\t\t\t<div class=\"e-con-inner\">\n\t\t\t\t<div class=\"elementor-element elementor-element-35381fa elementor-widget elementor-widget-spacer\" data-id=\"35381fa\" data-element_type=\"widget\" data-widget_type=\"spacer.default\">\n\t\t\t\t<div class=\"elementor-widget-container\">\n\t\t\t\t\t<div class=\"elementor-spacer\">\n\t\t\t<div class=\"elementor-spacer-inner\"><\/div>\n\t\t<\/div>\n\t\t\t\t<\/div>\n\t\t\t\t<\/div>\n\t\t\t\t\t<\/div>\n\t\t\t\t<\/div>\n\t\t<div class=\"elementor-element elementor-element-eb558ca e-flex e-con-boxed e-con e-parent\" data-id=\"eb558ca\" data-element_type=\"container\">\n\t\t\t\t\t<div class=\"e-con-inner\">\n\t\t\t\t<div class=\"elementor-element elementor-element-0b9d96a elementor-fixed elementor-invisible elementor-widget elementor-widget-image\" data-id=\"0b9d96a\" data-element_type=\"widget\" data-settings=\"{&quot;_position&quot;:&quot;fixed&quot;,&quot;_animation&quot;:&quot;fadeIn&quot;}\" data-widget_type=\"image.default\">\n\t\t\t\t<div class=\"elementor-widget-container\">\n\t\t\t\t\t\t\t\t\t\t\t\t\t\t<a href=\"https:\/\/api.whatsapp.com\/send\/?phone=34605323401&#038;text=Hola+%2AIngrid%2A.+Necesito+m%C3%A1s+informaci%C3%B3n+sobre+Ingrid+https%3A%2F%2Fmystifying-williams.217-160-227-206.plesk.page&#038;type=phone_number&#038;app_absent=0\" target=\"_blank\">\n\t\t\t\t\t\t\t<img loading=\"lazy\" decoding=\"async\" width=\"500\" height=\"500\" src=\"https:\/\/www.ingridtorrapsicologia.com\/wp-content\/uploads\/2024\/10\/whatsapp-icona.png\" class=\"elementor-animation-pulse attachment-full size-full wp-image-2174\" alt=\"\" srcset=\"https:\/\/www.ingridtorrapsicologia.com\/wp-content\/uploads\/2024\/10\/whatsapp-icona.png 500w, https:\/\/www.ingridtorrapsicologia.com\/wp-content\/uploads\/2024\/10\/whatsapp-icona-300x300.png 300w, https:\/\/www.ingridtorrapsicologia.com\/wp-content\/uploads\/2024\/10\/whatsapp-icona-150x150.png 150w\" sizes=\"(max-width: 500px) 100vw, 500px\" \/>\t\t\t\t\t\t\t\t<\/a>\n\t\t\t\t\t\t\t\t\t\t\t\t\t<\/div>\n\t\t\t\t<\/div>\n\t\t\t\t\t<\/div>\n\t\t\t\t<\/div>\n\t\t\t\t<\/div>\n\t\t","protected":false},"excerpt":{"rendered":"<p>COLABORACI\u00d3N COLABORACI\u00d3N S\u00e9 T\u00da el cambio que quieres ver en el MUNDO\u00bb &#8211; Mahatma Gandhi Dolors Monturiol Moreno Mi nombre es Dolors Monturiol Moreno. Nac\u00ed en Lleida en 1964. Curs\u00e9 la Licenciatura en Medicina y he ejercido siempre la profesi\u00f3n de manera independiente, desde la perspectiva de la medicina complementaria. Esta actividad me ha convertido [&hellip;]<\/p>\n","protected":false},"author":1,"featured_media":0,"parent":0,"menu_order":0,"comment_status":"closed","ping_status":"closed","template":"elementor_header_footer","meta":{"footnotes":""},"class_list":["post-2638","page","type-page","status-publish","hentry"],"_links":{"self":[{"href":"https:\/\/www.ingridtorrapsicologia.com\/es\/wp-json\/wp\/v2\/pages\/2638","targetHints":{"allow":["GET"]}}],"collection":[{"href":"https:\/\/www.ingridtorrapsicologia.com\/es\/wp-json\/wp\/v2\/pages"}],"about":[{"href":"https:\/\/www.ingridtorrapsicologia.com\/es\/wp-json\/wp\/v2\/types\/page"}],"author":[{"embeddable":true,"href":"https:\/\/www.ingridtorrapsicologia.com\/es\/wp-json\/wp\/v2\/users\/1"}],"replies":[{"embeddable":true,"href":"https:\/\/www.ingridtorrapsicologia.com\/es\/wp-json\/wp\/v2\/comments?post=2638"}],"version-history":[{"count":3,"href":"https:\/\/www.ingridtorrapsicologia.com\/es\/wp-json\/wp\/v2\/pages\/2638\/revisions"}],"predecessor-version":[{"id":2971,"href":"https:\/\/www.ingridtorrapsicologia.com\/es\/wp-json\/wp\/v2\/pages\/2638\/revisions\/2971"}],"wp:attachment":[{"href":"https:\/\/www.ingridtorrapsicologia.com\/es\/wp-json\/wp\/v2\/media?parent=2638"}],"curies":[{"name":"wp","href":"https:\/\/api.w.org\/{rel}","templated":true}]}}