{"id":2630,"date":"2024-07-09T06:33:20","date_gmt":"2024-07-09T06:33:20","guid":{"rendered":"https:\/\/www.ingridtorrapsicologia.com\/sobre-mi\/"},"modified":"2024-11-12T09:58:26","modified_gmt":"2024-11-12T09:58:26","slug":"sobre-mi","status":"publish","type":"page","link":"https:\/\/www.ingridtorrapsicologia.com\/es\/sobre-mi\/","title":{"rendered":"SOBRE M\u00cd"},"content":{"rendered":"\t\t<div data-elementor-type=\"wp-page\" data-elementor-id=\"2630\" class=\"elementor elementor-2630 elementor-85\" data-elementor-post-type=\"page\">\n\t\t\t\t<div class=\"elementor-element elementor-element-5e2619c e-flex e-con-boxed elementor-invisible e-con e-parent\" data-id=\"5e2619c\" data-element_type=\"container\" data-settings=\"{&quot;background_background&quot;:&quot;classic&quot;,&quot;animation&quot;:&quot;fadeInDown&quot;}\">\n\t\t\t\t\t<div class=\"e-con-inner\">\n\t\t<div class=\"elementor-element elementor-element-82600f3 e-con-full e-flex e-con e-child\" data-id=\"82600f3\" data-element_type=\"container\">\n\t\t\t\t<div class=\"elementor-element elementor-element-5b11c30 elementor-hidden-tablet elementor-hidden-mobile elementor-invisible elementor-widget elementor-widget-heading\" data-id=\"5b11c30\" data-element_type=\"widget\" data-settings=\"{&quot;_animation&quot;:&quot;fadeInLeft&quot;}\" data-widget_type=\"heading.default\">\n\t\t\t\t<div class=\"elementor-widget-container\">\n\t\t\t<h2 class=\"elementor-heading-title elementor-size-default\">SOBRE M\u00cd<\/h2>\t\t<\/div>\n\t\t\t\t<\/div>\n\t\t\t\t<div class=\"elementor-element elementor-element-0e79605 elementor-hidden-desktop elementor-widget elementor-widget-html\" data-id=\"0e79605\" data-element_type=\"widget\" data-widget_type=\"html.default\">\n\t\t\t\t<div class=\"elementor-widget-container\">\n\t\t\t<center><div><span style=\"background-color:#CD898A; color:white; font-size:25px; font-weight:600; padding:4px; font-family: Arial, Helvetica, sans-serif;  \">SOBRE M\u00cd<\/span><\/div><\/center>\t\t<\/div>\n\t\t\t\t<\/div>\n\t\t\t\t<div class=\"elementor-element elementor-element-3508ad9 elementor-invisible elementor-widget elementor-widget-heading\" data-id=\"3508ad9\" data-element_type=\"widget\" data-settings=\"{&quot;_animation&quot;:&quot;zoomIn&quot;}\" data-widget_type=\"heading.default\">\n\t\t\t\t<div class=\"elementor-widget-container\">\n\t\t\t<h2 class=\"elementor-heading-title elementor-size-default\">\"El descubrimiento de uno mismo es la clave para toda transformaci\u00f3n.\" - Carl Jung  <\/h2>\t\t<\/div>\n\t\t\t\t<\/div>\n\t\t\t\t<\/div>\n\t\t<div class=\"elementor-element elementor-element-2f61b37 e-con-full e-flex e-con e-child\" data-id=\"2f61b37\" data-element_type=\"container\">\n\t\t\t\t<\/div>\n\t\t\t\t\t<\/div>\n\t\t\t\t<\/div>\n\t\t<div class=\"elementor-element elementor-element-59775de e-con-full e-flex e-con e-parent\" data-id=\"59775de\" data-element_type=\"container\">\n\t\t<div class=\"elementor-element elementor-element-24950a9 e-con-full elementor-hidden-tablet elementor-hidden-mobile e-flex e-con e-child\" data-id=\"24950a9\" data-element_type=\"container\">\n\t\t\t\t<\/div>\n\t\t<div class=\"elementor-element elementor-element-ad6355a e-con-full e-flex e-con e-child\" data-id=\"ad6355a\" data-element_type=\"container\">\n\t\t\t\t<div class=\"elementor-element elementor-element-098f190 elementor-invisible elementor-widget elementor-widget-image\" data-id=\"098f190\" data-element_type=\"widget\" data-settings=\"{&quot;_animation&quot;:&quot;fadeInUp&quot;}\" data-widget_type=\"image.default\">\n\t\t\t\t<div class=\"elementor-widget-container\">\n\t\t\t\t\t\t\t\t\t\t\t\t\t<img fetchpriority=\"high\" decoding=\"async\" width=\"500\" height=\"500\" src=\"https:\/\/www.ingridtorrapsicologia.com\/wp-content\/uploads\/2024\/10\/Sobre-mi-web.png\" class=\"attachment-full size-full wp-image-1876\" alt=\"\" srcset=\"https:\/\/www.ingridtorrapsicologia.com\/wp-content\/uploads\/2024\/10\/Sobre-mi-web.png 500w, https:\/\/www.ingridtorrapsicologia.com\/wp-content\/uploads\/2024\/10\/Sobre-mi-web-300x300.png 300w, https:\/\/www.ingridtorrapsicologia.com\/wp-content\/uploads\/2024\/10\/Sobre-mi-web-150x150.png 150w\" sizes=\"(max-width: 500px) 100vw, 500px\" \/>\t\t\t\t\t\t\t\t\t\t\t\t\t<\/div>\n\t\t\t\t<\/div>\n\t\t\t\t<\/div>\n\t\t\t\t<\/div>\n\t\t<div class=\"elementor-element elementor-element-6fd732f3 e-flex e-con-boxed e-con e-parent\" data-id=\"6fd732f3\" data-element_type=\"container\">\n\t\t\t\t\t<div class=\"e-con-inner\">\n\t\t<div class=\"elementor-element elementor-element-5ec5b876 e-con-full e-flex e-con e-child\" data-id=\"5ec5b876\" data-element_type=\"container\">\n\t\t\t\t<div class=\"elementor-element elementor-element-cac6f6f elementor-invisible elementor-widget elementor-widget-image\" data-id=\"cac6f6f\" data-element_type=\"widget\" data-settings=\"{&quot;_animation&quot;:&quot;fadeInUp&quot;}\" data-widget_type=\"image.default\">\n\t\t\t\t<div class=\"elementor-widget-container\">\n\t\t\t\t\t\t\t\t\t\t\t\t\t<img decoding=\"async\" width=\"500\" height=\"500\" src=\"https:\/\/www.ingridtorrapsicologia.com\/wp-content\/uploads\/2024\/07\/Diseno-sin-titulo-16.jpg\" class=\"attachment-large size-large wp-image-24\" alt=\"\" srcset=\"https:\/\/www.ingridtorrapsicologia.com\/wp-content\/uploads\/2024\/07\/Diseno-sin-titulo-16.jpg 500w, https:\/\/www.ingridtorrapsicologia.com\/wp-content\/uploads\/2024\/07\/Diseno-sin-titulo-16-300x300.jpg 300w, https:\/\/www.ingridtorrapsicologia.com\/wp-content\/uploads\/2024\/07\/Diseno-sin-titulo-16-150x150.jpg 150w\" sizes=\"(max-width: 500px) 100vw, 500px\" \/>\t\t\t\t\t\t\t\t\t\t\t\t\t<\/div>\n\t\t\t\t<\/div>\n\t\t\t\t<\/div>\n\t\t<div class=\"elementor-element elementor-element-3b6de99 e-con-full e-flex e-con e-child\" data-id=\"3b6de99\" data-element_type=\"container\">\n\t\t\t\t<div class=\"elementor-element elementor-element-d311d5a elementor-widget-mobile__width-initial elementor-invisible elementor-widget elementor-widget-text-editor\" data-id=\"d311d5a\" data-element_type=\"widget\" data-settings=\"{&quot;_animation&quot;:&quot;fadeInDown&quot;}\" data-widget_type=\"text-editor.default\">\n\t\t\t\t<div class=\"elementor-widget-container\">\n\t\t\t\t\t\t\t<p>Responder a la pregunta &#8216;\u00bfQui\u00e9n soy?&#8217; es m\u00e1s complejo de lo que parece, as\u00ed que te dejo un resumen de c\u00f3mo he llegado hasta aqu\u00ed.<\/p>\n\t\t\t\t\t\t<\/div>\n\t\t\t\t<\/div>\n\t\t\t\t<div class=\"elementor-element elementor-element-5d068fd elementor-widget__width-initial elementor-widget-mobile__width-initial elementor-invisible elementor-widget elementor-widget-text-editor\" data-id=\"5d068fd\" data-element_type=\"widget\" data-settings=\"{&quot;_animation&quot;:&quot;fadeInLeft&quot;}\" data-widget_type=\"text-editor.default\">\n\t\t\t\t<div class=\"elementor-widget-container\">\n\t\t\t\t\t\t\t<p><b>Mi nombre es Ingrid Torra y estoy graduada en Psicolog\u00eda Sanitaria.<\/b>  Las personas y sus historias son lo que m\u00e1s me apasiona. Me gusta entender c\u00f3mo cada uno de nosotros es el resultado de las decisiones que tomamos o no tomamos, de las experiencias vividas o no vividas, y de las influencias del entorno. Lo que m\u00e1s me gusta es descubrir, a tu lado, todo lo que te ha tra\u00eddo hasta aqu\u00ed, hoy y ahora.  <\/p>\n<p>Mi formaci\u00f3n en Psicolog\u00eda y Educaci\u00f3n Primaria me permiti\u00f3 adquirir una fusi\u00f3n de conocimientos que integran los aspectos did\u00e1cticos con los psicol\u00f3gicos. Esto me permite ofrecer una mirada global e integradora, personalizada y espec\u00edfica para cada historia, problema o situaci\u00f3n. <\/p>\n<p><b>Me centro en adaptarme a las necesidades de cada persona, en cualquier momento de su vida.<\/b><\/p>\n\t\t\t\t\t\t<\/div>\n\t\t\t\t<\/div>\n\t\t\t\t<\/div>\n\t\t\t\t\t<\/div>\n\t\t\t\t<\/div>\n\t\t<div class=\"elementor-element elementor-element-3c3e55e e-con-full e-flex e-con e-parent\" data-id=\"3c3e55e\" data-element_type=\"container\">\n\t\t<div class=\"elementor-element elementor-element-515877e e-con-full e-flex elementor-invisible e-con e-child\" data-id=\"515877e\" data-element_type=\"container\" data-settings=\"{&quot;background_background&quot;:&quot;classic&quot;,&quot;animation&quot;:&quot;fadeInLeft&quot;}\">\n\t\t\t\t<div class=\"elementor-element elementor-element-068900a elementor-widget elementor-widget-text-editor\" data-id=\"068900a\" data-element_type=\"widget\" data-widget_type=\"text-editor.default\">\n\t\t\t\t<div class=\"elementor-widget-container\">\n\t\t\t\t\t\t\t<p>Cuando decid\u00ed dedicarme a la psicolog\u00eda, supe que quer\u00eda ofrecer un servicio tan completo como personalizado. Por eso, me especialic\u00e9 en Psicolog\u00eda General Sanitaria mediante el m\u00e1ster oficial. A medida que iba descubriendo \u00e1mbitos que me interesaban y que pod\u00edan enriquecer mi pr\u00e1ctica, busqu\u00e9 conocimiento en distintos lugares, desde Lleida, pasando por las Islas Canarias y Barcelona, \u200b\u200bhasta Argentina. As\u00ed, he completado un posgrado en Educaci\u00f3n Emocional y Bienestar, una diplomatura en Neurociencia y Salud Mental, y me he especializado en terapia sist\u00e9mica breve y en mindfulness.   &nbsp;<\/p>\n<p>Todo lo que he aprendido, no s\u00f3lo es fruto del conocimiento te\u00f3rico, sino que he podido aprender en primera persona c\u00f3mo es posible conseguir el bienestar mejorando las competencias emocionales. Y sobre todo, he podido experimentar c\u00f3mo cambiando la gesti\u00f3n de estas emociones he roto l\u00edmites, me he descubierto, respetado y amado a m\u00ed misma.   <b>Este camino de formaci\u00f3n y experimentaci\u00f3n constante me permite ofrecer un enfoque integrativo, adaptado a tus necesidades, y acompa\u00f1arte en cada paso de tu proceso.<\/b><\/p>\t\t\t\t\t\t<\/div>\n\t\t\t\t<\/div>\n\t\t\t\t<\/div>\n\t\t<div class=\"elementor-element elementor-element-eb9a910 e-con-full e-flex elementor-invisible e-con e-child\" data-id=\"eb9a910\" data-element_type=\"container\" data-settings=\"{&quot;animation&quot;:&quot;fadeInRight&quot;}\">\n\t\t\t\t<div class=\"elementor-element elementor-element-3d4da29 elementor-invisible elementor-widget elementor-widget-image\" data-id=\"3d4da29\" data-element_type=\"widget\" data-settings=\"{&quot;_animation&quot;:&quot;zoomIn&quot;}\" data-widget_type=\"image.default\">\n\t\t\t\t<div class=\"elementor-widget-container\">\n\t\t\t\t\t\t\t\t\t\t\t\t\t<img decoding=\"async\" width=\"500\" height=\"500\" src=\"https:\/\/www.ingridtorrapsicologia.com\/wp-content\/uploads\/2024\/07\/Diseno-sin-titulo-29.jpg\" class=\"attachment-large size-large wp-image-94\" alt=\"\" srcset=\"https:\/\/www.ingridtorrapsicologia.com\/wp-content\/uploads\/2024\/07\/Diseno-sin-titulo-29.jpg 500w, https:\/\/www.ingridtorrapsicologia.com\/wp-content\/uploads\/2024\/07\/Diseno-sin-titulo-29-300x300.jpg 300w, https:\/\/www.ingridtorrapsicologia.com\/wp-content\/uploads\/2024\/07\/Diseno-sin-titulo-29-150x150.jpg 150w\" sizes=\"(max-width: 500px) 100vw, 500px\" \/>\t\t\t\t\t\t\t\t\t\t\t\t\t<\/div>\n\t\t\t\t<\/div>\n\t\t\t\t<\/div>\n\t\t\t\t<\/div>\n\t\t<div class=\"elementor-element elementor-element-1bd9c3b e-con-full e-flex e-con e-parent\" data-id=\"1bd9c3b\" data-element_type=\"container\">\n\t\t<div class=\"elementor-element elementor-element-bee099d e-con-full e-flex elementor-invisible e-con e-child\" data-id=\"bee099d\" data-element_type=\"container\" data-settings=\"{&quot;animation&quot;:&quot;fadeInLeft&quot;}\">\n\t\t\t\t<div class=\"elementor-element elementor-element-7256195a elementor-invisible elementor-widget elementor-widget-image\" data-id=\"7256195a\" data-element_type=\"widget\" data-settings=\"{&quot;_animation&quot;:&quot;fadeInLeft&quot;}\" data-widget_type=\"image.default\">\n\t\t\t\t<div class=\"elementor-widget-container\">\n\t\t\t\t\t\t\t\t\t\t\t\t\t<img loading=\"lazy\" decoding=\"async\" width=\"500\" height=\"500\" src=\"https:\/\/www.ingridtorrapsicologia.com\/wp-content\/uploads\/2024\/10\/PLANTILLA-CERCLES-INGRID-TORRA-4.png\" class=\"attachment-large size-large wp-image-2478\" alt=\"\" srcset=\"https:\/\/www.ingridtorrapsicologia.com\/wp-content\/uploads\/2024\/10\/PLANTILLA-CERCLES-INGRID-TORRA-4.png 500w, https:\/\/www.ingridtorrapsicologia.com\/wp-content\/uploads\/2024\/10\/PLANTILLA-CERCLES-INGRID-TORRA-4-300x300.png 300w, https:\/\/www.ingridtorrapsicologia.com\/wp-content\/uploads\/2024\/10\/PLANTILLA-CERCLES-INGRID-TORRA-4-150x150.png 150w\" sizes=\"(max-width: 500px) 100vw, 500px\" \/>\t\t\t\t\t\t\t\t\t\t\t\t\t<\/div>\n\t\t\t\t<\/div>\n\t\t\t\t<\/div>\n\t\t<div class=\"elementor-element elementor-element-4d33a3d e-con-full e-flex e-con e-child\" data-id=\"4d33a3d\" data-element_type=\"container\">\n\t\t\t\t<div class=\"elementor-element elementor-element-f32691d elementor-widget elementor-widget-html\" data-id=\"f32691d\" data-element_type=\"widget\" data-widget_type=\"html.default\">\n\t\t\t\t<div class=\"elementor-widget-container\">\n\t\t\t<center><div><span  style=\"background-color:#CD898A; color:white; font-size:25px; font-weight:600; padding:4px; font-family: Arial, Helvetica, sans-serif; \" >Pasi\u00f3n<\/span><\/div><\/center>\t\t<\/div>\n\t\t\t\t<\/div>\n\t\t\t\t<div class=\"elementor-element elementor-element-25db66bc elementor-widget__width-initial elementor-invisible elementor-widget elementor-widget-text-editor\" data-id=\"25db66bc\" data-element_type=\"widget\" data-settings=\"{&quot;_animation&quot;:&quot;fadeInRight&quot;}\" data-widget_type=\"text-editor.default\">\n\t\t\t\t<div class=\"elementor-widget-container\">\n\t\t\t\t\t\t\t<p>Mi pasi\u00f3n es comprender tu historia y descubrir, junto a ti, c\u00f3mo cada experiencia, decisi\u00f3n e influencia externa a contribuido a construir quien eres hoy. Acompa\u00f1arte en este proceso de autoconocimiento y crecimiento, deshaciendo el ruido exterior para que puedas escucharte y o\u00edrte a ti mismo\/a. <\/p>\n\t\t\t\t\t\t<\/div>\n\t\t\t\t<\/div>\n\t\t\t\t<div class=\"elementor-element elementor-element-78dea4f elementor-widget elementor-widget-html\" data-id=\"78dea4f\" data-element_type=\"widget\" data-widget_type=\"html.default\">\n\t\t\t\t<div class=\"elementor-widget-container\">\n\t\t\t<center><div><span  style=\"background-color:#CD898A; color:white; font-size:25px; font-weight:600; padding:4px; font-family: Arial, Helvetica, sans-serif; \" >Misi\u00f3n<\/span><\/div><\/center>\t\t<\/div>\n\t\t\t\t<\/div>\n\t\t\t\t<div class=\"elementor-element elementor-element-4550a20 elementor-widget__width-initial elementor-invisible elementor-widget elementor-widget-text-editor\" data-id=\"4550a20\" data-element_type=\"widget\" data-settings=\"{&quot;_animation&quot;:&quot;fadeInRight&quot;}\" data-widget_type=\"text-editor.default\">\n\t\t\t\t<div class=\"elementor-widget-container\">\n\t\t\t\t\t\t\t<p>Mi misi\u00f3n es ofrecerte un acompa\u00f1amiento psicol\u00f3gico integrativo y personalizado, dise\u00f1ado para atender a tus necesidades espec\u00edficas. A trav\u00e9s de una combinaci\u00f3n de disciplinas y enfoques terap\u00e9uticos, busco guiarte hacia el bienestar deseado. <\/p>\n\t\t\t\t\t\t<\/div>\n\t\t\t\t<\/div>\n\t\t\t\t<\/div>\n\t\t\t\t<\/div>\n\t\t<div class=\"elementor-element elementor-element-8e4e8fb e-flex e-con-boxed e-con e-parent\" data-id=\"8e4e8fb\" data-element_type=\"container\">\n\t\t\t\t\t<div class=\"e-con-inner\">\n\t\t\t\t<div class=\"elementor-element elementor-element-5f43d4b elementor-fixed elementor-invisible elementor-widget elementor-widget-image\" data-id=\"5f43d4b\" data-element_type=\"widget\" data-settings=\"{&quot;_position&quot;:&quot;fixed&quot;,&quot;_animation&quot;:&quot;fadeIn&quot;}\" data-widget_type=\"image.default\">\n\t\t\t\t<div class=\"elementor-widget-container\">\n\t\t\t\t\t\t\t\t\t\t\t\t\t\t<a href=\"https:\/\/api.whatsapp.com\/send\/?phone=34605323401&#038;text=Hola+%2AIngrid%2A.+Necesito+m%C3%A1s+informaci%C3%B3n+sobre+Ingrid+https%3A%2F%2Fmystifying-williams.217-160-227-206.plesk.page&#038;type=phone_number&#038;app_absent=0\" target=\"_blank\">\n\t\t\t\t\t\t\t<img loading=\"lazy\" decoding=\"async\" width=\"500\" height=\"500\" src=\"https:\/\/www.ingridtorrapsicologia.com\/wp-content\/uploads\/2024\/10\/whatsapp-icona.png\" class=\"elementor-animation-pulse attachment-full size-full wp-image-2174\" alt=\"\" srcset=\"https:\/\/www.ingridtorrapsicologia.com\/wp-content\/uploads\/2024\/10\/whatsapp-icona.png 500w, https:\/\/www.ingridtorrapsicologia.com\/wp-content\/uploads\/2024\/10\/whatsapp-icona-300x300.png 300w, https:\/\/www.ingridtorrapsicologia.com\/wp-content\/uploads\/2024\/10\/whatsapp-icona-150x150.png 150w\" sizes=\"(max-width: 500px) 100vw, 500px\" \/>\t\t\t\t\t\t\t\t<\/a>\n\t\t\t\t\t\t\t\t\t\t\t\t\t<\/div>\n\t\t\t\t<\/div>\n\t\t\t\t\t<\/div>\n\t\t\t\t<\/div>\n\t\t\t\t<\/div>\n\t\t","protected":false},"excerpt":{"rendered":"<p>SOBRE M\u00cd SOBRE M\u00cd \u00abEl descubrimiento de uno mismo es la clave para toda transformaci\u00f3n.\u00bb &#8211; Carl Jung Responder a la pregunta &#8216;\u00bfQui\u00e9n soy?&#8217; es m\u00e1s complejo de lo que parece, as\u00ed que te dejo un resumen de c\u00f3mo he llegado hasta aqu\u00ed. Mi nombre es Ingrid Torra y estoy graduada en Psicolog\u00eda Sanitaria. Las [&hellip;]<\/p>\n","protected":false},"author":1,"featured_media":0,"parent":0,"menu_order":0,"comment_status":"closed","ping_status":"closed","template":"elementor_header_footer","meta":{"footnotes":""},"class_list":["post-2630","page","type-page","status-publish","hentry"],"_links":{"self":[{"href":"https:\/\/www.ingridtorrapsicologia.com\/es\/wp-json\/wp\/v2\/pages\/2630","targetHints":{"allow":["GET"]}}],"collection":[{"href":"https:\/\/www.ingridtorrapsicologia.com\/es\/wp-json\/wp\/v2\/pages"}],"about":[{"href":"https:\/\/www.ingridtorrapsicologia.com\/es\/wp-json\/wp\/v2\/types\/page"}],"author":[{"embeddable":true,"href":"https:\/\/www.ingridtorrapsicologia.com\/es\/wp-json\/wp\/v2\/users\/1"}],"replies":[{"embeddable":true,"href":"https:\/\/www.ingridtorrapsicologia.com\/es\/wp-json\/wp\/v2\/comments?post=2630"}],"version-history":[{"count":8,"href":"https:\/\/www.ingridtorrapsicologia.com\/es\/wp-json\/wp\/v2\/pages\/2630\/revisions"}],"predecessor-version":[{"id":2748,"href":"https:\/\/www.ingridtorrapsicologia.com\/es\/wp-json\/wp\/v2\/pages\/2630\/revisions\/2748"}],"wp:attachment":[{"href":"https:\/\/www.ingridtorrapsicologia.com\/es\/wp-json\/wp\/v2\/media?parent=2630"}],"curies":[{"name":"wp","href":"https:\/\/api.w.org\/{rel}","templated":true}]}}